{"id":3466,"date":"2021-06-14T20:27:52","date_gmt":"2021-06-15T00:27:52","guid":{"rendered":"https:\/\/cocreations.ca\/ateliers\/"},"modified":"2026-01-28T15:25:10","modified_gmt":"2026-01-28T20:25:10","slug":"ateliers","status":"publish","type":"page","link":"https:\/\/cocreations.ca\/fr\/ateliers\/","title":{"rendered":"Ateliers"},"content":{"rendered":"<p>[et_pb_section fb_built=\u00a0\u00bb1&Prime; admin_label=\u00a0\u00bbHeader\u00a0\u00bb _builder_version=\u00a0\u00bb4.16&Prime; background_image=\u00a0\u00bbhttps:\/\/cocreations.ca\/wp-content\/uploads\/2021\/06\/Painter-artist-47.png\u00a0\u00bb background_position=\u00a0\u00bbbottom_center\u00a0\u00bb global_colors_info=\u00a0\u00bb{}\u00a0\u00bb][et_pb_row _builder_version=\u00a0\u00bb4.16&Prime; custom_margin=\u00a0\u00bb|11px|||false|false\u00a0\u00bb custom_padding=\u00a0\u00bb|0px|||false|false\u00a0\u00bb locked=\u00a0\u00bboff\u00a0\u00bb global_colors_info=\u00a0\u00bb{}\u00a0\u00bb][et_pb_column type=\u00a0\u00bb4_4&Prime; _builder_version=\u00a0\u00bb4.16&Prime; custom_padding=\u00a0\u00bb0px|0px|0px|0px|false|false\u00a0\u00bb global_colors_info=\u00a0\u00bb{}\u00a0\u00bb][et_pb_text _builder_version=\u00a0\u00bb4.16&Prime; header_font=\u00a0\u00bbMontserrat|800||on|||||\u00a0\u00bb header_font_size=\u00a0\u00bb7vw\u00a0\u00bb header_line_height=\u00a0\u00bb1.2em\u00a0\u00bb module_alignment=\u00a0\u00bbcenter\u00a0\u00bb custom_margin=\u00a0\u00bb0px|0px|0px|0px|false|false\u00a0\u00bb custom_margin_tablet=\u00a0\u00bb|0vw|||false|false\u00a0\u00bb custom_margin_phone=\u00a0\u00bb\u00a0\u00bb custom_margin_last_edited=\u00a0\u00bbon|phone\u00a0\u00bb custom_padding=\u00a0\u00bb0px|100px|0px|0px|false|false\u00a0\u00bb locked=\u00a0\u00bboff\u00a0\u00bb global_colors_info=\u00a0\u00bb{}\u00a0\u00bb]<\/p>\n<h1 style=\"text-align: right;\">ateliers<\/h1>\n<p>[\/et_pb_text][et_pb_text _builder_version=\u00a0\u00bb4.16&Prime; _module_preset=\u00a0\u00bbdefault\u00a0\u00bb custom_padding=\u00a0\u00bb|100px|||false|false\u00a0\u00bb global_colors_info=\u00a0\u00bb{}\u00a0\u00bb]<\/p>\n<h3 style=\"text-align: right;\">Faites l&rsquo;exp\u00e9rience de la libert\u00e9 artistique avec Louise Lalande<\/h3>\n<p>[\/et_pb_text][\/et_pb_column][\/et_pb_row][\/et_pb_section][et_pb_section fb_built=\u00a0\u00bb1&Prime; admin_label=\u00a0\u00bbPortfolio\u00a0\u00bb _builder_version=\u00a0\u00bb4.16&Prime; custom_padding=\u00a0\u00bb0px|||||\u00a0\u00bb global_colors_info=\u00a0\u00bb{}\u00a0\u00bb][et_pb_row column_structure=\u00a0\u00bb1_3,1_3,1_3&Prime; _builder_version=\u00a0\u00bb4.16&Prime; min_height=\u00a0\u00bb565.1px\u00a0\u00bb global_colors_info=\u00a0\u00bb{}\u00a0\u00bb][et_pb_column type=\u00a0\u00bb1_3&Prime; _builder_version=\u00a0\u00bb4.16&Prime; global_colors_info=\u00a0\u00bb{}\u00a0\u00bb][et_pb_image src=\u00a0\u00bbhttps:\/\/cocreations.ca\/wp-content\/uploads\/2021\/06\/painting_workshop_coCreations_O6REDQ0wb-e1658176787760.jpg\u00a0\u00bb title_text=\u00a0\u00bbpeinture_atelier_coCr\u00e9ations_O6REDQ0wb\u00a0\u00bb _builder_version=\u00a0\u00bb4.16&Prime; locked=\u00a0\u00bboff\u00a0\u00bb global_colors_info=\u00a0\u00bb{}\u00a0\u00bb][\/et_pb_image][et_pb_text _builder_version=\u00a0\u00bb4.16&Prime; header_3_font=\u00a0\u00bbMerriweather||||||||\u00a0\u00bb header_3_font_size=\u00a0\u00bb40px\u00a0\u00bb header_3_line_height=\u00a0\u00bb1.2em\u00a0\u00bb header_3_font_size_tablet=\u00a0\u00bb20px\u00a0\u00bb header_3_font_size_phone=\u00a0\u00bb18px\u00a0\u00bb header_3_font_size_last_edited=\u00a0\u00bbon|phone\u00a0\u00bb locked=\u00a0\u00bboff\u00a0\u00bb global_colors_info=\u00a0\u00bb{}\u00a0\u00bb]<\/p>\n<h4 class=\"et_pb_module_header et-fb-editable-element et-fb-editable-element__editing\" data-shortcode-id=\"1.1.0.0-1623702880996\" data-quickaccess-id=\"header\" contenteditable=\"true\"><strong>Mandala Magique<\/strong><\/h4>\n<p>[\/et_pb_text][et_pb_text _builder_version=\u00a0\u00bb4.16&Prime; _module_preset=\u00a0\u00bbdefault\u00a0\u00bb custom_margin=\u00a0\u00bb-31px|||||\u00a0\u00bb global_colors_info=\u00a0\u00bb{}\u00a0\u00bb]<\/p>\n<p style=\"text-align: justify;\"><span>Rejoignez Louise pour un atelier o\u00f9 elle vous guide pas \u00e0 pas pour cr\u00e9er un mandala qui vous inspire et qui est une source de pouvoir pour vous. Prenez le temps, malgr\u00e9 votre emploi du temps charg\u00e9, de r\u00e9tablir un lien avec votre intuition et votre moi int\u00e9rieur en utilisant la sagesse ancienne de l&rsquo;art sacr\u00e9 et de la science des mandalas. <\/span><\/p>\n<p style=\"text-align: justify;\"><span><\/span><\/p>\n<p>[\/et_pb_text][et_pb_button button_url=\u00a0\u00bbmailto:louise@coCreations.ca\u00a0\u00bb button_text=\u00a0\u00bbContactez-moi\u00a0\u00bb _builder_version=\u00a0\u00bb4.16&Prime; _module_preset=\u00a0\u00bbdefault\u00a0\u00bb button_text_size=\u00a0\u00bb19px\u00a0\u00bb button_border_width=\u00a0\u00bb0px\u00a0\u00bb background_layout=\u00a0\u00bbdark\u00a0\u00bb locked=\u00a0\u00bboff\u00a0\u00bb global_colors_info=\u00a0\u00bb{}\u00a0\u00bb][\/et_pb_button][\/et_pb_column][et_pb_column type=\u00a0\u00bb1_3&Prime; _builder_version=\u00a0\u00bb4.16&Prime; global_colors_info=\u00a0\u00bb{}\u00a0\u00bb][et_pb_image src=\u00a0\u00bbhttps:\/\/cocreations.ca\/wp-content\/uploads\/2021\/06\/painting_workshop-coCreations_1166-e1658177285134.jpg\u00a0\u00bb title_text=\u00a0\u00bbatelier_de_peinture_coCr\u00e9ations_1166&Prime; _builder_version=\u00a0\u00bb4.16&Prime; custom_padding=\u00a0\u00bb||0px|||\u00a0\u00bb locked=\u00a0\u00bboff\u00a0\u00bb global_colors_info=\u00a0\u00bb{}\u00a0\u00bb][\/et_pb_image][et_pb_text _builder_version=\u00a0\u00bb4.16&Prime; header_3_font=\u00a0\u00bbMerriweather||||||||\u00a0\u00bb header_3_font_size=\u00a0\u00bb40px\u00a0\u00bb header_3_line_height=\u00a0\u00bb1.2em\u00a0\u00bb header_3_font_size_tablet=\u00a0\u00bb20px\u00a0\u00bb header_3_font_size_phone=\u00a0\u00bb18px\u00a0\u00bb header_3_font_size_last_edited=\u00a0\u00bbon|phone\u00a0\u00bb locked=\u00a0\u00bboff\u00a0\u00bb global_colors_info=\u00a0\u00bb{}\u00a0\u00bb]<\/p>\n<h4 class=\"et_pb_module_header et-fb-editable-element et-fb-editable-element__editing\" data-shortcode-id=\"1.1.1.0-1623702870644\" data-quickaccess-id=\"header\" contenteditable=\"true\"><strong>Peindre la beaut\u00e9 int\u00e9rieure<\/strong><\/h4>\n<p>[\/et_pb_text][et_pb_text _builder_version=\u00a0\u00bb4.16&Prime; _module_preset=\u00a0\u00bbdefault\u00a0\u00bb custom_margin=\u00a0\u00bb-31px|||||\u00a0\u00bb global_colors_info=\u00a0\u00bb{}\u00a0\u00bb]<\/p>\n<p style=\"text-align: justify;\"><span>Passez en revue les associations symboliques de chaque chakra et d\u00e9couvrez des points de r\u00e9f\u00e9rence perspicaces qui d\u00e9tiennent un pouvoir personnel. En utilisant  <\/span><span>ces points comme guides, vous cr\u00e9erez des peintures germinales dont les images construites \u00e0 dessein peuvent \u00eatre utilis\u00e9es pour soutenir vos objectifs inspir\u00e9s et apporter la gu\u00e9rison. Prenez soin de vous avec artJouer ! <\/span><\/p>\n<p>[\/et_pb_text][et_pb_button button_url=\u00a0\u00bbmailto:louise@coCreations.ca\u00a0\u00bb button_text=\u00a0\u00bbContactez-moi\u00a0\u00bb _builder_version=\u00a0\u00bb4.16&Prime; _module_preset=\u00a0\u00bbdefault\u00a0\u00bb button_text_size=\u00a0\u00bb19px\u00a0\u00bb button_border_width=\u00a0\u00bb0px\u00a0\u00bb background_layout=\u00a0\u00bbdark\u00a0\u00bb locked=\u00a0\u00bboff\u00a0\u00bb global_colors_info=\u00a0\u00bb{}\u00a0\u00bb][\/et_pb_button][\/et_pb_column][et_pb_column type=\u00a0\u00bb1_3&Prime; _builder_version=\u00a0\u00bb4.16&Prime; global_colors_info=\u00a0\u00bb{}\u00a0\u00bb][et_pb_image src=\u00a0\u00bbhttps:\/\/cocreations.ca\/wp-content\/uploads\/2021\/06\/The_Artists_Way_Cameron_coCreations_workshop-3to2.png\u00a0\u00bb title_text=\u00a0\u00bbThe_Artist&apos;s_Way_Cameron_coCreations_workshop-3to2&Prime; _builder_version=\u00a0\u00bb4.16&Prime; locked=\u00a0\u00bboff\u00a0\u00bb global_colors_info=\u00a0\u00bb{}\u00a0\u00bb][\/et_pb_image][et_pb_text _builder_version=\u00a0\u00bb4.16&Prime; header_3_font=\u00a0\u00bbMerriweather||||||||\u00a0\u00bb header_3_font_size=\u00a0\u00bb40px\u00a0\u00bb header_3_line_height=\u00a0\u00bb1.2em\u00a0\u00bb header_3_font_size_tablet=\u00a0\u00bb20px\u00a0\u00bb header_3_font_size_phone=\u00a0\u00bb18px\u00a0\u00bb header_3_font_size_last_edited=\u00a0\u00bbon|phone\u00a0\u00bb locked=\u00a0\u00bboff\u00a0\u00bb global_colors_info=\u00a0\u00bb{}\u00a0\u00bb]<\/p>\n<h4 class=\"et_pb_module_header et-fb-editable-element et-fb-editable-element__editing\" data-shortcode-id=\"1.1.2.0-1623702381125\" data-quickaccess-id=\"header\" contenteditable=\"true\"><strong>La voie de l&rsquo;artiste<\/strong><\/h4>\n<p>[\/et_pb_text][et_pb_text _builder_version=\u00a0\u00bb4.16&Prime; _module_preset=\u00a0\u00bbdefault\u00a0\u00bb custom_margin=\u00a0\u00bb-31px|||||\u00a0\u00bb global_colors_info=\u00a0\u00bb{}\u00a0\u00bb]<\/p>\n<p style=\"text-align: justify;\"><span>Faites sauter vos blocages cr\u00e9atifs et augmentez votre ing\u00e9niosit\u00e9 en transformant votre r\u00e9alit\u00e9 actuelle avec compassion. En d\u00e9bloquant les vieux mod\u00e8les et les croyances limitatives, vous coCr\u00e9erez la vie dont vous r\u00eavez. Partagez votre aventure et c\u00e9l\u00e9brez vos succ\u00e8s en t\u00eate-\u00e0-t\u00eate ou avec un groupe d&rsquo;explorateurs partageant les m\u00eames id\u00e9es.<\/span><\/p>\n<p style=\"text-align: justify;\"><span><\/span><\/p>\n<p>[\/et_pb_text][et_pb_button button_url=\u00a0\u00bbmailto:louise@coCreations.ca\u00a0\u00bb button_text=\u00a0\u00bbContactez-moi\u00a0\u00bb _builder_version=\u00a0\u00bb4.16&Prime; _module_preset=\u00a0\u00bbdefault\u00a0\u00bb button_text_size=\u00a0\u00bb19px\u00a0\u00bb button_border_width=\u00a0\u00bb0px\u00a0\u00bb background_layout=\u00a0\u00bbdark\u00a0\u00bb locked=\u00a0\u00bboff\u00a0\u00bb global_colors_info=\u00a0\u00bb{}\u00a0\u00bb][\/et_pb_button][\/et_pb_column][\/et_pb_row][et_pb_row column_structure=\u00a0\u00bb1_2,1_2&Prime; _builder_version=\u00a0\u00bb4.16&Prime; global_colors_info=\u00a0\u00bb{}\u00a0\u00bb][et_pb_column type=\u00a0\u00bb1_2&Prime; _builder_version=\u00a0\u00bb4.16&Prime; global_colors_info=\u00a0\u00bb{}\u00a0\u00bb][et_pb_image src=\u00a0\u00bbhttps:\/\/cocreations.ca\/wp-content\/uploads\/2021\/06\/painting_workshop_outside-coCreations_0102wb-1.jpg\u00a0\u00bb title_text=\u00a0\u00bbpeinture_atelier_ext\u00e9rieur-coCr\u00e9ations_0102wb\u00a0\u00bb _builder_version=\u00a0\u00bb4.16&Prime; locked=\u00a0\u00bboff\u00a0\u00bb global_colors_info=\u00a0\u00bb{}\u00a0\u00bb][\/et_pb_image][et_pb_text _builder_version=\u00a0\u00bb4.16&Prime; header_3_font=\u00a0\u00bbMerriweather||||||||\u00a0\u00bb header_3_font_size=\u00a0\u00bb40px\u00a0\u00bb header_3_line_height=\u00a0\u00bb1.2em\u00a0\u00bb min_height=\u00a0\u00bb61px\u00a0\u00bb header_3_font_size_tablet=\u00a0\u00bb20px\u00a0\u00bb header_3_font_size_phone=\u00a0\u00bb18px\u00a0\u00bb header_3_font_size_last_edited=\u00a0\u00bbon|phone\u00a0\u00bb locked=\u00a0\u00bboff\u00a0\u00bb global_colors_info=\u00a0\u00bb{}\u00a0\u00bb]<\/p>\n<h2 id=\"yui_3_17_2_1_1623702451332_681\">La peinture au bord du lac<\/h2>\n<p>[\/et_pb_text][et_pb_text _builder_version=\u00a0\u00bb4.16&Prime; _module_preset=\u00a0\u00bbdefault\u00a0\u00bb global_colors_info=\u00a0\u00bb{}\u00a0\u00bb]<\/p>\n<p class=\"\" style=\"text-align: center;\">Quels sont les ingr\u00e9dients d&rsquo;une journ\u00e9e parfaite ? La peinture, la d\u00e9tente, la nature, la natation et les chocolats.<\/p>\n<p class=\"\" style=\"text-align: justify;\">Choisissez un th\u00e8me personnalis\u00e9 avec des d\u00e9mos et un contenu qui conviennent \u00e0 votre groupe. Le mat\u00e9riel artistique est fourni. Prenez le temps de vous amuser, mettez de c\u00f4t\u00e9 votre critique int\u00e9rieur et concentrez-vous sur l&rsquo;exp\u00e9rience de la cr\u00e9ation artistique plut\u00f4t que sur le produit final.<\/p>\n<p class=\"\" style=\"text-align: justify;\">Jouez avec les id\u00e9es et les mat\u00e9riaux artistiques, et apportez plus de joie et de beaut\u00e9 dans votre vie. Tout ce que vous avez \u00e0 faire est de vous pr\u00e9senter !<br \/><strong><\/strong><\/p>\n<p class=\"\" style=\"text-align: justify;\"><strong>Emplacement<\/strong>: Grand Lac, Qu\u00e9bec (1\/2 hr. du March\u00e9 By).<\/p>\n<p>[\/et_pb_text][et_pb_button button_url=\u00a0\u00bbmailto:louise@coCreations.ca\u00a0\u00bb button_text=\u00a0\u00bbContactez-moi\u00a0\u00bb _builder_version=\u00a0\u00bb4.16&Prime; _module_preset=\u00a0\u00bbdefault\u00a0\u00bb button_text_size=\u00a0\u00bb19px\u00a0\u00bb button_border_width=\u00a0\u00bb0px\u00a0\u00bb background_layout=\u00a0\u00bbdark\u00a0\u00bb locked=\u00a0\u00bboff\u00a0\u00bb global_colors_info=\u00a0\u00bb{}\u00a0\u00bb][\/et_pb_button][\/et_pb_column][et_pb_column type=\u00a0\u00bb1_2&Prime; _builder_version=\u00a0\u00bb4.16&Prime; global_colors_info=\u00a0\u00bb{}\u00a0\u00bb][et_pb_image src=\u00a0\u00bbhttps:\/\/cocreations.ca\/wp-content\/uploads\/2021\/06\/painting_materials-workshop_0149wb.png\u00a0\u00bb title_text=\u00a0\u00bbpeinture_mat\u00e9riaux-atelier_0149wb\u00a0\u00bb _builder_version=\u00a0\u00bb4.16&Prime; locked=\u00a0\u00bboff\u00a0\u00bb global_colors_info=\u00a0\u00bb{}\u00a0\u00bb][\/et_pb_image][et_pb_text _builder_version=\u00a0\u00bb4.16&Prime; header_3_font=\u00a0\u00bbMerriweather||||||||\u00a0\u00bb header_3_font_size=\u00a0\u00bb40px\u00a0\u00bb header_3_line_height=\u00a0\u00bb1.2em\u00a0\u00bb header_3_font_size_tablet=\u00a0\u00bb20px\u00a0\u00bb header_3_font_size_phone=\u00a0\u00bb18px\u00a0\u00bb header_3_font_size_last_edited=\u00a0\u00bbon|phone\u00a0\u00bb locked=\u00a0\u00bboff\u00a0\u00bb global_colors_info=\u00a0\u00bb{}\u00a0\u00bb]<\/p>\n<h2 id=\"yui_3_17_2_1_1623702451332_754\">Atelier ouvert<\/h2>\n<p>[\/et_pb_text][et_pb_text _builder_version=\u00a0\u00bb4.16&Prime; _module_preset=\u00a0\u00bbdefault\u00a0\u00bb global_colors_info=\u00a0\u00bb{}\u00a0\u00bb]<\/p>\n<p class=\"\" style=\"text-align: center;\">Comment \u00e9pelez-vous la joie ? artJouer ! <\/p>\n<p class=\"\" style=\"text-align: justify;\">Commencez \u00e0 d\u00e9velopper votre propre style dans la vie &#8211; tout comme sur la toile. Des techniques de peinture faciles et amusantes et des d\u00e9monstrations sont incluses. <\/p>\n<p class=\"\" style=\"text-align: justify;\">Trop souvent, nous voulons \u00eatre des experts, ce qui implique g\u00e9n\u00e9ralement une critique de nous-m\u00eames et des autres. Prenez le temps de vous reconnecter \u00e0 ce qui compte le plus. Sentez-vous rajeunir tout en construisant les fondations d&rsquo;un meilleur soi.  <\/p>\n<p class=\"\" style=\"text-align: justify;\">Le contenu est sp\u00e9cifique au groupe et peut \u00eatre formel ou non. Groupes de 4 personnes minimum. Aucune exp\u00e9rience artistique n&rsquo;est n\u00e9cessaire.<\/p>\n<p>[\/et_pb_text][et_pb_button button_url=\u00a0\u00bbmailto:louise@coCreations.ca\u00a0\u00bb button_text=\u00a0\u00bbContactez-moi\u00a0\u00bb _builder_version=\u00a0\u00bb4.16&Prime; _module_preset=\u00a0\u00bbdefault\u00a0\u00bb button_text_size=\u00a0\u00bb19px\u00a0\u00bb button_border_width=\u00a0\u00bb0px\u00a0\u00bb background_layout=\u00a0\u00bbdark\u00a0\u00bb locked=\u00a0\u00bboff\u00a0\u00bb global_colors_info=\u00a0\u00bb{}\u00a0\u00bb][\/et_pb_button][\/et_pb_column][\/et_pb_row][\/et_pb_section][et_pb_section fb_built=\u00a0\u00bb1&Prime; admin_label=\u00a0\u00bbFooter\u00a0\u00bb _builder_version=\u00a0\u00bb4.16&Prime; overflow-x=\u00a0\u00bbhidden\u00a0\u00bb overflow-y=\u00a0\u00bbhidden\u00a0\u00bb saved_tabs=\u00a0\u00bball\u00a0\u00bb locked=\u00a0\u00bboff\u00a0\u00bb global_colors_info=\u00a0\u00bb{}\u00a0\u00bb][et_pb_row _builder_version=\u00a0\u00bb4.16&Prime; background_enable_color=\u00a0\u00bboff\u00a0\u00bb background_color_gradient_start=\u00a0\u00bbrgba(255,216,63,0.84)\u00a0\u00bb background_color_gradient_end=\u00a0\u00bb#f17033&Prime; background_image=\u00a0\u00bbhttps:\/\/cocreations.ca\/wp-content\/uploads\/2021\/06\/coCreations-banner-green-scaled-e1640736041799.jpg\u00a0\u00bb background_position=\u00a0\u00bbbottom_center\u00a0\u00bb locked=\u00a0\u00bboff\u00a0\u00bb global_colors_info=\u00a0\u00bb{}\u00a0\u00bb][et_pb_column type=\u00a0\u00bb4_4&Prime; _builder_version=\u00a0\u00bb4.16&Prime; custom_padding=\u00a0\u00bb|55px||55px|false|false\u00a0\u00bb global_colors_info=\u00a0\u00bb{}\u00a0\u00bb][et_pb_text _builder_version=\u00a0\u00bb4.16&Prime; _module_preset=\u00a0\u00bbdefault\u00a0\u00bb custom_margin=\u00a0\u00bb2px||12px|||\u00a0\u00bb custom_padding=\u00a0\u00bb9px||4px||false|false\u00a0\u00bb global_colors_info=\u00a0\u00bb{}\u00a0\u00bb]<\/p>\n<h4 id=\"yui_3_17_2_1_1623702451332_826\" style=\"text-align: center;\"><span style=\"color: #ffffff;\">\u00ab\u00a0J&rsquo;ai particip\u00e9 \u00e0 l&rsquo;atelier de peinture de Louise pour me reconnecter avec un d\u00e9sir int\u00e9rieur permanent de cr\u00e9er de l&rsquo;art. C&rsquo;\u00e9tait exactement ce dont j&rsquo;avais besoin, une journ\u00e9e enti\u00e8re \u00e0 explorer les couleurs, les formes et les m\u00e9thodes&#8230; L&rsquo;exp\u00e9rience m&rsquo;a permis d&#8217;embrasser une partie de moi que j&rsquo;ignorais depuis des ann\u00e9es et de d\u00e9couvrir comment je m&rsquo;exprime \u00e0 travers la peinture. <\/span><\/h4>\n<p><span style=\"color: #ffffff;\"> <\/span><\/p>\n<h4 style=\"text-align: center;\"><span style=\"color: #ffffff;\">Je recommande cet atelier \u00e0 toute personne qui ressent le besoin de faire de l&rsquo;art et de se connecter \u00e0 la nature.\u00a0\u00bb<\/span><\/h4>\n<p class=\"\" style=\"text-align: center;\"><span style=\"color: #ffffff;\">&#8211; P. Jabouin, Ottawa, Ontario<\/span><\/p>\n<p>[\/et_pb_text][\/et_pb_column][\/et_pb_row][et_pb_row _builder_version=\u00a0\u00bb4.16&Prime; _module_preset=\u00a0\u00bbdefault\u00a0\u00bb global_colors_info=\u00a0\u00bb{}\u00a0\u00bb][et_pb_column type=\u00a0\u00bb4_4&Prime; _builder_version=\u00a0\u00bb4.16&Prime; _module_preset=\u00a0\u00bbdefault\u00a0\u00bb global_colors_info=\u00a0\u00bb{}\u00a0\u00bb][\/et_pb_column][\/et_pb_row][et_pb_row _builder_version=\u00a0\u00bb4.16&Prime; _module_preset=\u00a0\u00bbdefault\u00a0\u00bb global_colors_info=\u00a0\u00bb{}\u00a0\u00bb][et_pb_column type=\u00a0\u00bb4_4&Prime; _builder_version=\u00a0\u00bb4.16&Prime; _module_preset=\u00a0\u00bbdefault\u00a0\u00bb global_colors_info=\u00a0\u00bb{}\u00a0\u00bb][et_pb_post_slider include_categories=\u00a0\u00bb81,87,75&Prime; show_meta=\u00a0\u00bboff\u00a0\u00bb use_bg_overlay=\u00a0\u00bboff\u00a0\u00bb _builder_version=\u00a0\u00bb4.16&Prime; _module_preset=\u00a0\u00bbdefault\u00a0\u00bb background_color=\u00a0\u00bbRGBA(255,255,255,0)\u00a0\u00bb global_colors_info=\u00a0\u00bb{}\u00a0\u00bb][\/et_pb_post_slider][\/et_pb_column][\/et_pb_row][et_pb_row _builder_version=\u00a0\u00bb4.16&Prime; custom_margin=\u00a0\u00bb|auto|-2px|auto||\u00a0\u00bb global_colors_info=\u00a0\u00bb{}\u00a0\u00bb][et_pb_column type=\u00a0\u00bb4_4&Prime; _builder_version=\u00a0\u00bb4.16&Prime; custom_padding=\u00a0\u00bb|55px||55px|false|false\u00a0\u00bb global_colors_info=\u00a0\u00bb{}\u00a0\u00bb][et_pb_text _builder_version=\u00a0\u00bb4.16&Prime; _module_preset=\u00a0\u00bbdefault\u00a0\u00bb custom_padding=\u00a0\u00bb22px|22px||22px|false|false\u00a0\u00bb global_colors_info=\u00a0\u00bb{}\u00a0\u00bb]<\/p>\n<h2 style=\"text-align: center;\">\u00ab\u00a0Nous n&rsquo;arr\u00eatons pas de jouer parce que nous vieillissons ; nous vieillissons parce que nous arr\u00eatons de jouer\u00a0\u00bb.<\/h2>\n<p style=\"text-align: center;\">&#8211; George Bernard Shaw<\/p>\n<p>[\/et_pb_text][\/et_pb_column][\/et_pb_row][\/et_pb_section]<\/p>\n","protected":false},"excerpt":{"rendered":"<p>ateliersFaites l&rsquo;exp\u00e9rience de la libert\u00e9 artistique avec Louise LalandeMandala MagiqueRejoignez Louise pour un atelier o\u00f9 elle vous guide pas \u00e0 pas pour cr\u00e9er un mandala qui vous inspire et qui est une source de pouvoir pour vous. Prenez le temps, malgr\u00e9 votre emploi du temps charg\u00e9, de r\u00e9tablir un lien avec votre intuition et votre [&hellip;]<\/p>\n","protected":false},"author":1,"featured_media":0,"parent":0,"menu_order":0,"comment_status":"closed","ping_status":"closed","template":"","meta":{"_et_pb_use_builder":"on","_et_pb_old_content":"","_et_gb_content_width":"","footnotes":""},"folder":[136],"class_list":["post-3466","page","type-page","status-publish","hentry"],"_links":{"self":[{"href":"https:\/\/cocreations.ca\/fr\/wp-json\/wp\/v2\/pages\/3466","targetHints":{"allow":["GET"]}}],"collection":[{"href":"https:\/\/cocreations.ca\/fr\/wp-json\/wp\/v2\/pages"}],"about":[{"href":"https:\/\/cocreations.ca\/fr\/wp-json\/wp\/v2\/types\/page"}],"author":[{"embeddable":true,"href":"https:\/\/cocreations.ca\/fr\/wp-json\/wp\/v2\/users\/1"}],"replies":[{"embeddable":true,"href":"https:\/\/cocreations.ca\/fr\/wp-json\/wp\/v2\/comments?post=3466"}],"version-history":[{"count":4,"href":"https:\/\/cocreations.ca\/fr\/wp-json\/wp\/v2\/pages\/3466\/revisions"}],"predecessor-version":[{"id":4354,"href":"https:\/\/cocreations.ca\/fr\/wp-json\/wp\/v2\/pages\/3466\/revisions\/4354"}],"wp:attachment":[{"href":"https:\/\/cocreations.ca\/fr\/wp-json\/wp\/v2\/media?parent=3466"}],"wp:term":[{"taxonomy":"folder","embeddable":true,"href":"https:\/\/cocreations.ca\/fr\/wp-json\/wp\/v2\/folder?post=3466"}],"curies":[{"name":"wp","href":"https:\/\/api.w.org\/{rel}","templated":true}]}}