{"id":3457,"date":"2021-06-15T14:49:48","date_gmt":"2021-06-15T18:49:48","guid":{"rendered":"https:\/\/cocreations.ca\/coaching-2\/"},"modified":"2022-08-25T22:59:21","modified_gmt":"2022-08-25T22:59:21","slug":"coaching-2","status":"publish","type":"page","link":"https:\/\/cocreations.ca\/fr\/coaching-2\/","title":{"rendered":"Coaching"},"content":{"rendered":"<p>[et_pb_section fb_built=\u00a0\u00bb1&Prime; admin_label=\u00a0\u00bbHeader\u00a0\u00bb _builder_version=\u00a0\u00bb4.5.7&Prime; background_image=\u00a0\u00bbhttps:\/\/cocreations.ca\/wp-content\/uploads\/2021\/06\/Painter-artist-47.png\u00a0\u00bb background_position=\u00a0\u00bbbottom_center\u00a0\u00bb global_colors_info=\u00a0\u00bb{}\u00a0\u00bb][et_pb_row _builder_version=\u00a0\u00bb4.9.6&Prime; custom_margin=\u00a0\u00bb|11px|||false|false\u00a0\u00bb custom_padding=\u00a0\u00bb|0px|||false|false\u00a0\u00bb locked=\u00a0\u00bboff\u00a0\u00bb global_colors_info=\u00a0\u00bb{}\u00a0\u00bb][et_pb_column type=\u00a0\u00bb4_4&Prime; _builder_version=\u00a0\u00bb4.9.6&Prime; custom_padding=\u00a0\u00bb0px|0px|0px|0px|false|false\u00a0\u00bb global_colors_info=\u00a0\u00bb{}\u00a0\u00bb][et_pb_text _builder_version=\u00a0\u00bb4.9.6&Prime; header_font=\u00a0\u00bbMontserrat|800||on|||||\u00a0\u00bb header_font_size=\u00a0\u00bb7vw\u00a0\u00bb header_line_height=\u00a0\u00bb1.2em\u00a0\u00bb module_alignment=\u00a0\u00bbcenter\u00a0\u00bb custom_margin=\u00a0\u00bb0px|0px|0px|0px|false|false\u00a0\u00bb custom_margin_tablet=\u00a0\u00bb|0vw|||false|false\u00a0\u00bb custom_margin_phone=\u00a0\u00bb\u00a0\u00bb custom_margin_last_edited=\u00a0\u00bbon|phone\u00a0\u00bb custom_padding=\u00a0\u00bb0px|100px|0px|0px|false|false\u00a0\u00bb locked=\u00a0\u00bboff\u00a0\u00bb global_colors_info=\u00a0\u00bb{}\u00a0\u00bb]<\/p>\n<h1 style=\"text-align: right;\">coaching<\/h1>\n<p>[\/et_pb_text][et_pb_text _builder_version=\u00a0\u00bb4.9.7&Prime; _module_preset=\u00a0\u00bbdefault\u00a0\u00bb custom_padding=\u00a0\u00bb|100px|||false|false\u00a0\u00bb global_colors_info=\u00a0\u00bb{}\u00a0\u00bb]<\/p>\n<section data-test=\"page-section\" data-section-theme=\"black\" class=\"page-section layout-engine-section background-width--full-bleed content-width--medium horizontal-alignment--center vertical-alignment--top has-background black\" data-section-id=\"5f98c96de5da215b5529419d\" data-controller=\"SectionWrapperController, MagicPaddingController\" data-current-styles=\"{ \"backgroundImage\": { \"id\": \"6079fd265e53534f18142f18\", \"recordType\": 2, \"addedOn\": 1618607398691, \"updatedOn\": 1618607433501, \"tags\": [ ], \"workflowState\": 1, \"publishOn\": 1618607398691, \"authorId\": \"5f629ef545de701d477a999a\", \"systemDataId\": \"1618606886411-F60XCCAMTTB2XCLYUFV1\", \"systemDataVariants\": \"1300x444,100w,300w,500w,750w,1000w\", \"systemDataSourceType\": \"JPG\", \"filename\": \"Louise_Lalande_coCreations_art_2451wb-crop2.jpg\", \"mediaFocalPoint\": { \"x\": 0.5086697730197226, \"y\": 0.7053382557155627, \"source\": 3 }, \"colorData\": { \"topLeftAverage\": \"ac1130\", \"topRightAverage\": \"6c5571\", \"bottomLeftAverage\": \"b66236\", \"bottomRightAverage\": \"725758\", \"centerAverage\": \"c45d5f\", \"suggestedBgColor\": \"b11433\" }, \"urlId\": \"dpyuxrelv94x39eci6dk5fh31s2sg4\", \"body\": null, \"location\": { \"mapZoom\": 15.0 }, \"metadata\": { \"shutterSpeed\": \"0\/0\", \"isoSpeed\": \"0\", \"focalLength\": \"0\" }, \"likeCount\": 0, \"commentCount\": 0, \"publicCommentCount\": 0, \"commentState\": 2, \"unsaved\": false, \"author\": { \"id\": \"5f629ef545de701d477a999a\", \"displayName\": \"Louise Lalande\", \"firstName\": \"Louise\", \"lastName\": \"Lalande\", \"websiteUrl\": \"\", \"bio\": \"\" }, \"assetUrl\": \"https:\/\/images.squarespace-cdn.com\/content\/v1\/5f8701b73ee1600dee94422e\/1618606886411-F60XCCAMTTB2XCLYUFV1\/ke17ZwdGBToddI8pDm48kMxAw-9CDmmxLpKF5Ba76bcUqsxRUqqbr1mOJYKfIPR7LoDQ9mXPOjoJoqy81S2I8N_N4V1vUb5AoIIIbLZhVYxCRW4BPu10St3TBAUQYVKcDeFEvjOfqi5YkaXGWAEHhduM04mtXuEX_dSoTe5nV82fkUuowpmocZsshTbZ9Ah5\/Louise_Lalande_coCreations_art_2451wb-crop2.jpg\", \"contentType\": \"image\/jpeg\", \"items\": [ ], \"pushedServices\": { }, \"pendingPushedServices\": { }, \"recordTypeLabel\": \"image\", \"originalSize\": \"1300x444\" }, \"imageOverlayOpacity\": 0.0, \"backgroundWidth\": \"background-width--full-bleed\", \"sectionHeight\": \"section-height--custom\", \"customSectionHeight\": 22, \"horizontalAlignment\": \"horizontal-alignment--center\", \"verticalAlignment\": \"vertical-alignment--top\", \"contentWidth\": \"content-width--medium\", \"sectionTheme\": \"black\", \"sectionAnimation\": \"none\", \"backgroundMode\": \"image\" }\" data-animation=\"none\" data-controllers-bound=\"SectionWrapperController, MagicPaddingController\" data-active=\"true\" id=\"yui_3_17_2_1_1623715804670_534\">\n<div class=\"content-wrapper\" id=\"yui_3_17_2_1_1623715804670_533\" style=\"text-align: right;\">\n<div class=\"content\" id=\"yui_3_17_2_1_1623715804670_532\">\n<div class=\"sqs-layout sqs-grid-12 columns-12\" data-type=\"page-section\" id=\"page-section-5f98c96de5da215b5529419d\">\n<div class=\"row sqs-row\" id=\"yui_3_17_2_1_1623715804670_531\">\n<div class=\"col sqs-col-12 span-12\" id=\"yui_3_17_2_1_1623715804670_530\">\n<div class=\"sqs-block html-block sqs-block-html\" data-block-type=\"2\" id=\"block-yui_3_17_2_1_1605038513450_23144\">\n<div class=\"sqs-block-content\" id=\"yui_3_17_2_1_1623715804670_537\">\n<h4 id=\"yui_3_17_2_1_1623715804670_536\"><span style=\"font-size: xx-large;\"><strong id=\"yui_3_17_2_1_1623715804670_535\">J&rsquo;encourage le d\u00e9veloppement d&rsquo;un leadership authentique, de la pleine conscience et de la cr\u00e9ativit\u00e9.  <\/strong><\/span><\/h4>\n<\/div>\n<\/div>\n<\/div>\n<\/div>\n<\/div>\n<\/div>\n<\/div>\n<\/section>\n<section data-test=\"page-section\" data-section-theme=\"\" class=\"page-section layout-engine-section background-width--full-bleed section-height--custom content-width--wide horizontal-alignment--center vertical-alignment--top \" data-section-id=\"5f98c96de5da215b5529419f\" data-controller=\"SectionWrapperController, MagicPaddingController\" data-current-styles=\"{ \"imageOverlayOpacity\": 0.15, \"backgroundWidth\": \"background-width--full-bleed\", \"sectionHeight\": \"section-height--custom\", \"horizontalAlignment\": \"horizontal-alignment--center\", \"verticalAlignment\": \"vertical-alignment--top\", \"contentWidth\": \"content-width--wide\", \"sectionTheme\": \"\", \"sectionAnimation\": \"none\", \"backgroundMode\": \"image\" }\" data-animation=\"none\" data-controllers-bound=\"SectionWrapperController, MagicPaddingController\" data-active=\"true\" id=\"yui_3_17_2_1_1623715804670_512\"><\/section>\n<p>[\/et_pb_text][\/et_pb_column][\/et_pb_row][\/et_pb_section][et_pb_section fb_built=\u00a0\u00bb1&Prime; admin_label=\u00a0\u00bbPortfolio\u00a0\u00bb _builder_version=\u00a0\u00bb4.4.9&Prime; custom_padding=\u00a0\u00bb0px|||||\u00a0\u00bb global_colors_info=\u00a0\u00bb{}\u00a0\u00bb][et_pb_row _builder_version=\u00a0\u00bb4.9.7&Prime; _module_preset=\u00a0\u00bbdefault\u00a0\u00bb global_colors_info=\u00a0\u00bb{}\u00a0\u00bb][et_pb_column type=\u00a0\u00bb4_4&Prime; _builder_version=\u00a0\u00bb4.9.7&Prime; _module_preset=\u00a0\u00bbdefault\u00a0\u00bb global_colors_info=\u00a0\u00bb{}\u00a0\u00bb][dvmd_simple_heading _builder_version=\u00a0\u00bb4.9.7&Prime; _module_preset=\u00a0\u00bbdefault\u00a0\u00bb global_colors_info=\u00a0\u00bb{}\u00a0\u00bb][\/dvmd_simple_heading][et_pb_text _builder_version=\u00a0\u00bb4.9.7&Prime; _module_preset=\u00a0\u00bbdefault\u00a0\u00bb custom_margin=\u00a0\u00bb-31px|||||\u00a0\u00bb global_colors_info=\u00a0\u00bb{}\u00a0\u00bb]<\/p>\n<h5 class=\"sqsrte-large\" style=\"text-align: center;\">En mati\u00e8re de cr\u00e9ativit\u00e9, tout commence par une id\u00e9e.<\/h5>\n<h5 class=\"sqsrte-large\" style=\"text-align: center;\"><\/h5>\n<h5 class=\"sqsrte-large\" style=\"text-align: center;\">Peut-\u00eatre souhaitez-vous vivre de mani\u00e8re plus cr\u00e9ative dans votre vie quotidienne, ou encourager un environnement plus cr\u00e9atif au sein de votre \u00e9quipe. Vous avez peut-\u00eatre un projet artistique \u00e0 partager avec le monde. Ou peut-\u00eatre avez-vous besoin de surmonter un blocage cr\u00e9atif pour sentir plus clairement votre intuition.  <\/h5>\n<h5 class=\"sqsrte-large\" style=\"text-align: justify;\"><\/h5>\n<h5 class=\"sqsrte-large\" style=\"text-align: center;\"><\/h5>\n<h5 class=\"sqsrte-large\" id=\"yui_3_17_2_1_1623715804670_513\" style=\"text-align: center;\">Quels que soient les objectifs que vous souhaitez fixer, travailler avec moi fera toute la diff\u00e9rence pour donner vie \u00e0 votre cr\u00e9ativit\u00e9.<\/h5>\n<p>[\/et_pb_text][\/et_pb_column][\/et_pb_row][et_pb_row column_structure=\u00a0\u00bb1_2,1_2&Prime; _builder_version=\u00a0\u00bb4.9.7&Prime; _module_preset=\u00a0\u00bbdefault\u00a0\u00bb background_color=\u00a0\u00bbRGBA(0,0,0,0)\u00a0\u00bb background_image=\u00a0\u00bbhttps:\/\/cocreations.ca\/wp-content\/uploads\/2021\/06\/Team-standing-working.jpg\u00a0\u00bb custom_margin=\u00a0\u00bb77px||||false|false\u00a0\u00bb global_colors_info=\u00a0\u00bb{}\u00a0\u00bb][et_pb_column type=\u00a0\u00bb1_2&Prime; _builder_version=\u00a0\u00bb4.9.7&Prime; _module_preset=\u00a0\u00bbdefault\u00a0\u00bb background_color=\u00a0\u00bbRGBA(0,0,0,0)\u00a0\u00bb global_colors_info=\u00a0\u00bb{}\u00a0\u00bb][\/et_pb_column][et_pb_column type=\u00a0\u00bb1_2&Prime; _builder_version=\u00a0\u00bb4.9.7&Prime; _module_preset=\u00a0\u00bbdefault\u00a0\u00bb background_color=\u00a0\u00bbrgba(255,255,255,0.68)\u00a0\u00bb global_colors_info=\u00a0\u00bb{}\u00a0\u00bb][et_pb_text _builder_version=\u00a0\u00bb4.9.7&Prime; header_3_font=\u00a0\u00bbMerriweather||||||||\u00a0\u00bb header_3_font_size=\u00a0\u00bb40px\u00a0\u00bb header_3_line_height=\u00a0\u00bb1.2em\u00a0\u00bb background_color=\u00a0\u00bbRGBA(0,0,0,0)\u00a0\u00bb custom_margin=\u00a0\u00bb||0px||false|false\u00a0\u00bb custom_padding=\u00a0\u00bb44px|||33px|false|false\u00a0\u00bb header_3_font_size_tablet=\u00a0\u00bb20px\u00a0\u00bb header_3_font_size_phone=\u00a0\u00bb18px\u00a0\u00bb header_3_font_size_last_edited=\u00a0\u00bbon|phone\u00a0\u00bb locked=\u00a0\u00bboff\u00a0\u00bb global_colors_info=\u00a0\u00bb{}\u00a0\u00bb]<\/p>\n<div class=\"image-title-wrapper\" id=\"yui_3_17_2_1_1623715804670_696\">\n<div class=\"image-title sqs-dynamic-text\" data-width-percentage=\"32\" id=\"yui_3_17_2_1_1623715804670_695\">\n<h2 id=\"yui_3_17_2_1_1623715804670_694\">Formation au renforcement de l&rsquo;esprit d&rsquo;\u00e9quipe<\/h2>\n<\/div>\n<\/div>\n<div class=\"image-subtitle-wrapper\">\n<div class=\"image-subtitle sqs-dynamic-text\" data-width-percentage=\"32\"><\/div>\n<\/div>\n<p>[\/et_pb_text][et_pb_text _builder_version=\u00a0\u00bb4.5.7&Prime; header_3_font=\u00a0\u00bbMerriweather||||||||\u00a0\u00bb header_3_font_size=\u00a0\u00bb40px\u00a0\u00bb header_3_line_height=\u00a0\u00bb1.2em\u00a0\u00bb custom_margin=\u00a0\u00bb||1px|||\u00a0\u00bb header_3_font_size_tablet=\u00a0\u00bb20px\u00a0\u00bb header_3_font_size_phone=\u00a0\u00bb18px\u00a0\u00bb header_3_font_size_last_edited=\u00a0\u00bbon|phone\u00a0\u00bb locked=\u00a0\u00bboff\u00a0\u00bb global_colors_info=\u00a0\u00bb{}\u00a0\u00bb][\/et_pb_text][et_pb_text _builder_version=\u00a0\u00bb4.9.7&Prime; _module_preset=\u00a0\u00bbdefault\u00a0\u00bb text_line_height=\u00a0\u00bb2.2em\u00a0\u00bb ul_line_height=\u00a0\u00bb2.4em\u00a0\u00bb custom_margin=\u00a0\u00bb-9px||-1px||false|false\u00a0\u00bb custom_padding=\u00a0\u00bb|66px|0px|99px|false|false\u00a0\u00bb global_colors_info=\u00a0\u00bb{}\u00a0\u00bb]<\/p>\n<p>Proposez \u00e0 votre groupe des exercices artistiques de renforcement de l&rsquo;esprit d&rsquo;\u00e9quipe et atteignez vos objectifs, qu&rsquo;il s&rsquo;agisse de la Pens\u00e9e Design, du renforcement de la communication ou des comp\u00e9tences en mati\u00e8re de leadership. Cr\u00e9ons un environnement qui encourage, stimule et incite votre \u00e9quipe \u00e0 \u00eatre la meilleure.<\/p>\n<p style=\"text-align: left;\">\n<p>[\/et_pb_text][et_pb_button button_url=\u00a0\u00bbmailto:louise@coCreations.ca\u00a0\u00bb button_text=\u00a0\u00bbContactez-moi\u00a0\u00bb button_alignment=\u00a0\u00bbleft\u00a0\u00bb _builder_version=\u00a0\u00bb4.9.7&Prime; _module_preset=\u00a0\u00bbdefault\u00a0\u00bb button_text_size=\u00a0\u00bb19px\u00a0\u00bb button_border_width=\u00a0\u00bb0px\u00a0\u00bb background_layout=\u00a0\u00bbdark\u00a0\u00bb custom_margin=\u00a0\u00bb||66px|99px|false|false\u00a0\u00bb locked=\u00a0\u00bboff\u00a0\u00bb global_colors_info=\u00a0\u00bb{}\u00a0\u00bb][\/et_pb_button][\/et_pb_column][\/et_pb_row][et_pb_row column_structure=\u00a0\u00bb1_2,1_2&Prime; _builder_version=\u00a0\u00bb4.9.7&Prime; _module_preset=\u00a0\u00bbdefault\u00a0\u00bb background_color=\u00a0\u00bbRGBA(0,0,0,0)\u00a0\u00bb background_image=\u00a0\u00bbhttps:\/\/cocreations.ca\/wp-content\/uploads\/2021\/06\/Louise-peakcaboo-wh-backgd-.jpg\u00a0\u00bb custom_margin=\u00a0\u00bb99px||||false|false\u00a0\u00bb global_colors_info=\u00a0\u00bb{}\u00a0\u00bb][et_pb_column type=\u00a0\u00bb1_2&Prime; _builder_version=\u00a0\u00bb4.9.7&Prime; _module_preset=\u00a0\u00bbdefault\u00a0\u00bb background_color=\u00a0\u00bbrgba(255,255,255,0.71)\u00a0\u00bb global_colors_info=\u00a0\u00bb{}\u00a0\u00bb][et_pb_text _builder_version=\u00a0\u00bb4.9.7&Prime; header_3_font=\u00a0\u00bbMerriweather||||||||\u00a0\u00bb header_3_font_size=\u00a0\u00bb40px\u00a0\u00bb header_3_line_height=\u00a0\u00bb1.2em\u00a0\u00bb custom_margin=\u00a0\u00bb||0px||false|false\u00a0\u00bb custom_padding=\u00a0\u00bb44px|||99px|false|false\u00a0\u00bb header_3_font_size_tablet=\u00a0\u00bb20px\u00a0\u00bb header_3_font_size_phone=\u00a0\u00bb18px\u00a0\u00bb header_3_font_size_last_edited=\u00a0\u00bbon|phone\u00a0\u00bb locked=\u00a0\u00bboff\u00a0\u00bb global_colors_info=\u00a0\u00bb{}\u00a0\u00bb]<\/p>\n<div class=\"image-title-wrapper\" id=\"yui_3_17_2_1_1623715804670_696\">\n<div class=\"image-title sqs-dynamic-text\" data-width-percentage=\"32\" id=\"yui_3_17_2_1_1623715804670_695\">\n<h2 id=\"yui_3_17_2_1_1623715804670_694\">Coaching priv\u00e9<\/h2>\n<\/div>\n<\/div>\n<div class=\"image-subtitle-wrapper\">\n<div class=\"image-subtitle sqs-dynamic-text\" data-width-percentage=\"32\"><\/div>\n<\/div>\n<p>[\/et_pb_text][et_pb_text _builder_version=\u00a0\u00bb4.9.6&Prime; _module_preset=\u00a0\u00bbdefault\u00a0\u00bb custom_margin=\u00a0\u00bb-31px|||||\u00a0\u00bb global_colors_info=\u00a0\u00bb{}\u00a0\u00bb][\/et_pb_text][et_pb_text _builder_version=\u00a0\u00bb4.14.9&Prime; _module_preset=\u00a0\u00bbdefault\u00a0\u00bb text_line_height=\u00a0\u00bb2.2em\u00a0\u00bb ul_line_height=\u00a0\u00bb2.4em\u00a0\u00bb custom_margin=\u00a0\u00bb-9px||-1px||false|false\u00a0\u00bb custom_padding=\u00a0\u00bb|66px|0px|99px|false|false\u00a0\u00bb global_colors_info=\u00a0\u00bb{}\u00a0\u00bb]<\/p>\n<p><span>Connectez-vous avec moi pour commencer \u00e0 travailler ensemble afin de fixer vos objectifs. En tant qu&rsquo;ancre cr\u00e9ative, j&rsquo;\u00e9coute sans juger, je reconnais chaque \u00e9tape et je c\u00e9l\u00e8bre vos succ\u00e8s.<\/span><\/p>\n<p style=\"text-align: left;\">[\/et_pb_text][et_pb_button button_url=\u00a0\u00bbmailto:louise@coCreations.ca\u00a0\u00bb button_text=\u00a0\u00bbContactez-moi\u00a0\u00bb button_alignment=\u00a0\u00bbleft\u00a0\u00bb _builder_version=\u00a0\u00bb4.9.7&Prime; _module_preset=\u00a0\u00bbdefault\u00a0\u00bb button_text_size=\u00a0\u00bb19px\u00a0\u00bb button_border_width=\u00a0\u00bb0px\u00a0\u00bb background_layout=\u00a0\u00bbdark\u00a0\u00bb custom_margin=\u00a0\u00bb||66px|99px|false|false\u00a0\u00bb locked=\u00a0\u00bboff\u00a0\u00bb global_colors_info=\u00a0\u00bb{}\u00a0\u00bb][\/et_pb_button][\/et_pb_column][et_pb_column type=\u00a0\u00bb1_2&Prime; _builder_version=\u00a0\u00bb4.9.7&Prime; _module_preset=\u00a0\u00bbdefault\u00a0\u00bb global_colors_info=\u00a0\u00bb{}\u00a0\u00bb][\/et_pb_column][\/et_pb_row][et_pb_row column_structure=\u00a0\u00bb1_4,3_4&Prime; _builder_version=\u00a0\u00bb4.9.7&Prime; _module_preset=\u00a0\u00bbdefault\u00a0\u00bb custom_margin=\u00a0\u00bb66px||||false|false\u00a0\u00bb global_colors_info=\u00a0\u00bb{}\u00a0\u00bb][et_pb_column type=\u00a0\u00bb1_4&Prime; _builder_version=\u00a0\u00bb4.9.7&Prime; _module_preset=\u00a0\u00bbdefault\u00a0\u00bb global_colors_info=\u00a0\u00bb{}\u00a0\u00bb][et_pb_image src=\u00a0\u00bbhttps:\/\/cocreations.ca\/wp-content\/uploads\/2021\/06\/StockSnap_YSMNZYLMWK5-e1623787758311.png\u00a0\u00bb title_text=\u00a0\u00bbStockSnap_YSMNZYLMWK5&Prime; _builder_version=\u00a0\u00bb4.9.7&Prime; locked=\u00a0\u00bboff\u00a0\u00bb global_colors_info=\u00a0\u00bb{}\u00a0\u00bb][\/et_pb_image][et_pb_text _builder_version=\u00a0\u00bb4.9.7&Prime; _module_preset=\u00a0\u00bbdefault\u00a0\u00bb text_line_height=\u00a0\u00bb2.2em\u00a0\u00bb ul_line_height=\u00a0\u00bb2.4em\u00a0\u00bb custom_margin=\u00a0\u00bb-9px||-1px||false|false\u00a0\u00bb custom_padding=\u00a0\u00bb||0px||false|false\u00a0\u00bb global_colors_info=\u00a0\u00bb{}\u00a0\u00bb]<\/p>\n<h3><\/h3>\n<blockquote data-animation-role=\"quote\">\n<p><span>\u00ab\u00a0<\/span>Il n&rsquo;y a rien dans une chenille qui vous dit qu&rsquo;elle va devenir un papillon.<span> <\/span><span>\u00ab\u00a0<\/span><\/p>\n<\/blockquote>\n<ul data-rte-list=\"default\">\n<ul data-rte-list=\"default\" style=\"text-align: right;\">&#8211; Buckminster Fuller<\/ul>\n<\/ul>\n<p style=\"text-align: left;\">\n<p>[\/et_pb_text][\/et_pb_column][et_pb_column type=\u00a0\u00bb3_4&Prime; _builder_version=\u00a0\u00bb4.9.7&Prime; _module_preset=\u00a0\u00bbdefault\u00a0\u00bb global_colors_info=\u00a0\u00bb{}\u00a0\u00bb][et_pb_text _builder_version=\u00a0\u00bb4.9.7&Prime; header_3_font=\u00a0\u00bbMerriweather||||||||\u00a0\u00bb header_3_font_size=\u00a0\u00bb40px\u00a0\u00bb header_3_line_height=\u00a0\u00bb1.2em\u00a0\u00bb custom_margin=\u00a0\u00bb|||22px|false|false\u00a0\u00bb custom_padding=\u00a0\u00bb||0px|||\u00a0\u00bb header_3_font_size_tablet=\u00a0\u00bb20px\u00a0\u00bb header_3_font_size_phone=\u00a0\u00bb18px\u00a0\u00bb header_3_font_size_last_edited=\u00a0\u00bbon|phone\u00a0\u00bb locked=\u00a0\u00bboff\u00a0\u00bb global_colors_info=\u00a0\u00bb{}\u00a0\u00bb]<\/p>\n<div class=\"image-title-wrapper\" id=\"yui_3_17_2_1_1623715804670_696\">\n<div class=\"image-title sqs-dynamic-text\" data-width-percentage=\"32\" id=\"yui_3_17_2_1_1623715804670_695\">\n<h2>Ce que vous pouvez attendre de votre formation :<\/h2>\n<h2 id=\"yui_3_17_2_1_1623715804670_694\"><\/h2>\n<\/div>\n<\/div>\n<div class=\"image-subtitle-wrapper\">\n<div class=\"image-subtitle sqs-dynamic-text\" data-width-percentage=\"32\"><\/div>\n<\/div>\n<p>[\/et_pb_text][dvmd_simple_heading _builder_version=\u00a0\u00bb4.9.7&Prime; _module_preset=\u00a0\u00bbdefault\u00a0\u00bb global_colors_info=\u00a0\u00bb{}\u00a0\u00bb][\/dvmd_simple_heading][et_pb_text _builder_version=\u00a0\u00bb4.9.7&Prime; _module_preset=\u00a0\u00bbdefault\u00a0\u00bb ul_line_height=\u00a0\u00bb2.4em\u00a0\u00bb custom_margin=\u00a0\u00bb|||55px|false|false\u00a0\u00bb custom_padding=\u00a0\u00bb||0px||false|false\u00a0\u00bb global_colors_info=\u00a0\u00bb{}\u00a0\u00bb]<\/p>\n<ul data-rte-list=\"default\">\n<li>\n<p class=\"sqsrte-large\">D\u00e9couvrez qui vous \u00eates vraiment, vos talents naturels.<\/p>\n<\/li>\n<li><span style=\"font-size: 17px;\">Une vision de ce que vous pouvez accomplir ou devenir<\/span><\/li>\n<li>\n<p class=\"sqsrte-large\">Des mesures qui permettent d&rsquo;am\u00e9liorer l&rsquo;efficacit\u00e9 et l&rsquo;ex\u00e9cution des t\u00e2ches.<\/p>\n<\/li>\n<li>\n<p class=\"sqsrte-large\">Soutien, encouragement et validation<\/p>\n<\/li>\n<li>\n<p class=\"sqsrte-large\">Mouvement et \u00e9tirement<\/p>\n<\/li>\n<li>\n<p class=\"sqsrte-large\">Rire et jeu au milieu d&rsquo;un travail sinc\u00e8re<\/p>\n<\/li>\n<li>\n<p class=\"sqsrte-large\">Coaching \u00e9nerg\u00e9tique et travail sur la respiration<strong id=\"yui_3_17_2_1_1623715804670_643\"> <\/strong><\/p>\n<\/li>\n<\/ul>\n<p style=\"text-align: left;\">\n<p>[\/et_pb_text][et_pb_text _builder_version=\u00a0\u00bb4.9.7&Prime; _module_preset=\u00a0\u00bbdefault\u00a0\u00bb text_line_height=\u00a0\u00bb2.2em\u00a0\u00bb custom_margin=\u00a0\u00bb|||22px|false|false\u00a0\u00bb global_colors_info=\u00a0\u00bb{}\u00a0\u00bb]<\/p>\n<h4 id=\"yui_3_17_2_1_1623715804670_644\"><strong id=\"yui_3_17_2_1_1623715804670_643\">En nous appuyant sur un certain nombre de m\u00e9thodes \u00e9prouv\u00e9es et de pratiques innovantes, nous commencerons la transition vers la vie que vous envisagez.  <\/strong><\/h4>\n<p style=\"text-align: left;\">[\/et_pb_text][\/et_pb_column][\/et_pb_row][\/et_pb_section][et_pb_section fb_built=\u00a0\u00bb1&Prime; admin_label=\u00a0\u00bbFooter\u00a0\u00bb _builder_version=\u00a0\u00bb4.5.7&Prime; overflow-x=\u00a0\u00bbhidden\u00a0\u00bb overflow-y=\u00a0\u00bbhidden\u00a0\u00bb saved_tabs=\u00a0\u00bball\u00a0\u00bb locked=\u00a0\u00bboff\u00a0\u00bb global_colors_info=\u00a0\u00bb{}\u00a0\u00bb][et_pb_row _builder_version=\u00a0\u00bb4.14.4&Prime; background_color=\u00a0\u00bb#FFFFFF\u00a0\u00bb background_color_gradient_start=\u00a0\u00bbrgba(255,216,63,0.84)\u00a0\u00bb background_color_gradient_end=\u00a0\u00bb#f17033&Prime; background_image=\u00a0\u00bbhttps:\/\/cocreations.ca\/wp-content\/uploads\/2021\/06\/coCreations-banner-purple-orange-scaled-e1640735974143.jpg\u00a0\u00bb background_position=\u00a0\u00bbtop_center\u00a0\u00bb locked=\u00a0\u00bboff\u00a0\u00bb global_colors_info=\u00a0\u00bb{}\u00a0\u00bb max_width__hover_enabled=\u00a0\u00bbon|desktop\u00a0\u00bb][et_pb_column type=\u00a0\u00bb4_4&Prime; _builder_version=\u00a0\u00bb4.9.6&Prime; custom_padding=\u00a0\u00bb|55px||55px|false|false\u00a0\u00bb global_colors_info=\u00a0\u00bb{}\u00a0\u00bb][et_pb_text _builder_version=\u00a0\u00bb4.11.4&Prime; _module_preset=\u00a0\u00bbdefault\u00a0\u00bb custom_margin=\u00a0\u00bb2px||12px|||\u00a0\u00bb custom_padding=\u00a0\u00bb9px||4px||false|false\u00a0\u00bb global_colors_info=\u00a0\u00bb{}\u00a0\u00bb]<\/p>\n<h4 style=\"text-align: center;\"><span style=\"color: #ffffff;\">\u00ab\u00a0C&rsquo;\u00e9tait un v\u00e9ritable plaisir de travailler avec Louise, une personne engag\u00e9e, g\u00e9n\u00e9reuse et pleine d&rsquo;\u00e2me. Ce que j&rsquo;ai vraiment appr\u00e9ci\u00e9, c&rsquo;est son profond investissement dans mon d\u00e9veloppement personnel, ainsi que la fa\u00e7on dont elle m&rsquo;a aid\u00e9 \u00e0 prendre conscience de tous les progr\u00e8s que j&rsquo;ai r\u00e9alis\u00e9s jusqu&rsquo;\u00e0 pr\u00e9sent dans ma vie.  <\/span><\/h4>\n<h4 style=\"text-align: center;\"><span style=\"color: #ffffff;\">Faire des s\u00e9ances de coaching avec elle \u00e9tait d\u00e9finitivement un excellent investissement !\u00a0\u00bb<\/span><\/h4>\n<p class=\"\" style=\"text-align: center;\"><span style=\"color: #ffffff;\">&#8211; AP, London, Ontario<\/span><\/p>\n<p>[\/et_pb_text][\/et_pb_column][\/et_pb_row][et_pb_row _builder_version=\u00a0\u00bb4.14.9&Prime; _module_preset=\u00a0\u00bbdefault\u00a0\u00bb][et_pb_column _builder_version=\u00a0\u00bb4.14.9&Prime; _module_preset=\u00a0\u00bbdefault\u00a0\u00bb type=\u00a0\u00bb4_4&Prime;][\/et_pb_column][\/et_pb_row][et_pb_row _builder_version=\u00a0\u00bb4.14.9&Prime; _module_preset=\u00a0\u00bbdefault\u00a0\u00bb][et_pb_column _builder_version=\u00a0\u00bb4.14.9&Prime; _module_preset=\u00a0\u00bbdefault\u00a0\u00bb type=\u00a0\u00bb4_4&Prime;][et_pb_post_slider _builder_version=\u00a0\u00bb4.14.9&Prime; _module_preset=\u00a0\u00bbdefault\u00a0\u00bb include_categories=\u00a0\u00bb86&Prime; show_meta=\u00a0\u00bboff\u00a0\u00bb background_color=\u00a0\u00bbRGBA(255,255,255,0)\u00a0\u00bb use_bg_overlay=\u00a0\u00bboff\u00a0\u00bb hover_enabled=\u00a0\u00bb0&Prime; sticky_enabled=\u00a0\u00bb0&Prime;][\/et_pb_post_slider][\/et_pb_column][\/et_pb_row][\/et_pb_section]<\/p>\n","protected":false},"excerpt":{"rendered":"<p>coaching J&rsquo;encourage le d\u00e9veloppement d&rsquo;un leadership authentique, de la pleine conscience et de la cr\u00e9ativit\u00e9. [dvmd_simple_heading _builder_version=\u00a0\u00bb4.9.7&Prime; _module_preset=\u00a0\u00bbdefault\u00a0\u00bb global_colors_info=\u00a0\u00bb{}\u00a0\u00bb][\/dvmd_simple_heading]En mati\u00e8re de cr\u00e9ativit\u00e9, tout commence par une id\u00e9e. Peut-\u00eatre souhaitez-vous vivre de mani\u00e8re plus cr\u00e9ative dans votre vie quotidienne, ou encourager un environnement plus cr\u00e9atif au sein de votre \u00e9quipe. Vous avez peut-\u00eatre un projet artistique [&hellip;]<\/p>\n","protected":false},"author":1,"featured_media":0,"parent":0,"menu_order":0,"comment_status":"closed","ping_status":"closed","template":"","meta":{"_et_pb_use_builder":"on","_et_pb_old_content":"","_et_gb_content_width":"","footnotes":""},"folder":[136],"class_list":["post-3457","page","type-page","status-publish","hentry"],"_links":{"self":[{"href":"https:\/\/cocreations.ca\/fr\/wp-json\/wp\/v2\/pages\/3457","targetHints":{"allow":["GET"]}}],"collection":[{"href":"https:\/\/cocreations.ca\/fr\/wp-json\/wp\/v2\/pages"}],"about":[{"href":"https:\/\/cocreations.ca\/fr\/wp-json\/wp\/v2\/types\/page"}],"author":[{"embeddable":true,"href":"https:\/\/cocreations.ca\/fr\/wp-json\/wp\/v2\/users\/1"}],"replies":[{"embeddable":true,"href":"https:\/\/cocreations.ca\/fr\/wp-json\/wp\/v2\/comments?post=3457"}],"version-history":[{"count":2,"href":"https:\/\/cocreations.ca\/fr\/wp-json\/wp\/v2\/pages\/3457\/revisions"}],"predecessor-version":[{"id":3459,"href":"https:\/\/cocreations.ca\/fr\/wp-json\/wp\/v2\/pages\/3457\/revisions\/3459"}],"wp:attachment":[{"href":"https:\/\/cocreations.ca\/fr\/wp-json\/wp\/v2\/media?parent=3457"}],"wp:term":[{"taxonomy":"folder","embeddable":true,"href":"https:\/\/cocreations.ca\/fr\/wp-json\/wp\/v2\/folder?post=3457"}],"curies":[{"name":"wp","href":"https:\/\/api.w.org\/{rel}","templated":true}]}}