{"id":3451,"date":"2021-05-19T19:39:19","date_gmt":"2021-05-19T23:39:19","guid":{"rendered":"https:\/\/cocreations.ca\/temoignages\/"},"modified":"2026-01-28T15:23:01","modified_gmt":"2026-01-28T20:23:01","slug":"temoignages","status":"publish","type":"page","link":"https:\/\/cocreations.ca\/fr\/temoignages\/","title":{"rendered":"T\u00e9moignages"},"content":{"rendered":"<p>[et_pb_section fb_built=\u00a0\u00bb1&Prime; admin_label=\u00a0\u00bbContact\u00a0\u00bb _builder_version=\u00a0\u00bb4.16&Prime; locked=\u00a0\u00bboff\u00a0\u00bb global_colors_info=\u00a0\u00bb{}\u00a0\u00bb][et_pb_row column_structure=\u00a0\u00bb1_2,1_2&Prime; _builder_version=\u00a0\u00bb4.16&Prime; custom_padding=\u00a0\u00bb||0px||false|false\u00a0\u00bb global_colors_info=\u00a0\u00bb{}\u00a0\u00bb][et_pb_column type=\u00a0\u00bb1_2&Prime; _builder_version=\u00a0\u00bb4.16&Prime; global_colors_info=\u00a0\u00bb{}\u00a0\u00bb][et_pb_image src=\u00a0\u00bbhttps:\/\/cocreations.ca\/wp-content\/uploads\/2021\/05\/Painter-artist-34.png\u00a0\u00bb title_text=\u00a0\u00bbPeintre-artiste-34&Prime; _builder_version=\u00a0\u00bb4.16&Prime; positioning=\u00a0\u00bbabsolute\u00a0\u00bb position_origin_a=\u00a0\u00bbtop_right\u00a0\u00bb vertical_offset=\u00a0\u00bb-12%\u00a0\u00bb horizontal_offset=\u00a0\u00bb-26%\u00a0\u00bb vertical_offset_tablet=\u00a0\u00bb-80px\u00a0\u00bb vertical_offset_phone=\u00a0\u00bb-70px\u00a0\u00bb vertical_offset_last_edited=\u00a0\u00bboff|desktop\u00a0\u00bb horizontal_offset_tablet=\u00a0\u00bb-40px\u00a0\u00bb horizontal_offset_phone=\u00a0\u00bb-20px\u00a0\u00bb horizontal_offset_last_edited=\u00a0\u00bbon|desktop\u00a0\u00bb width=\u00a0\u00bb100%\u00a0\u00bb global_colors_info=\u00a0\u00bb{}\u00a0\u00bb][\/et_pb_image][et_pb_text _builder_version=\u00a0\u00bb4.16&Prime; text_line_height=\u00a0\u00bb2em\u00a0\u00bb header_3_font=\u00a0\u00bbMerriweather||||||||\u00a0\u00bb header_3_font_size=\u00a0\u00bb56px\u00a0\u00bb z_index=\u00a0\u00bb11&Prime; text_orientation=\u00a0\u00bbright\u00a0\u00bb custom_margin=\u00a0\u00bb||-30px||false|false\u00a0\u00bb custom_margin_tablet=\u00a0\u00bb||-25px||false|false\u00a0\u00bb custom_margin_phone=\u00a0\u00bb||-20px||false|false\u00a0\u00bb custom_margin_last_edited=\u00a0\u00bbon|phone\u00a0\u00bb header_3_font_size_tablet=\u00a0\u00bb36px\u00a0\u00bb header_3_font_size_phone=\u00a0\u00bb30px\u00a0\u00bb header_3_font_size_last_edited=\u00a0\u00bbon|phone\u00a0\u00bb locked=\u00a0\u00bboff\u00a0\u00bb global_colors_info=\u00a0\u00bb{}\u00a0\u00bb]<\/p>\n<h3>T\u00e9moignages<\/h3>\n<p>[\/et_pb_text][et_pb_image src=\u00a0\u00bbhttps:\/\/cocreations.ca\/wp-content\/uploads\/2021\/06\/DSCN5448_sm.jpg\u00a0\u00bb title_text=\u00a0\u00bbDSCN5448_sm\u00a0\u00bb _builder_version=\u00a0\u00bb4.16&Prime; custom_padding=\u00a0\u00bb20px||||false|false\u00a0\u00bb locked=\u00a0\u00bboff\u00a0\u00bb global_colors_info=\u00a0\u00bb{}\u00a0\u00bb custom_margin=\u00a0\u00bb||27px|||\u00a0\u00bb][\/et_pb_image][et_pb_social_media_follow _builder_version=\u00a0\u00bb4.16&Prime; background_color=\u00a0\u00bb#fd6927&Prime; positioning=\u00a0\u00bbabsolute\u00a0\u00bb position_origin_a=\u00a0\u00bbbottom_left\u00a0\u00bb vertical_offset=\u00a0\u00bb-32px\u00a0\u00bb horizontal_offset=\u00a0\u00bb-10vw\u00a0\u00bb text_orientation=\u00a0\u00bbleft\u00a0\u00bb width=\u00a0\u00bb50px\u00a0\u00bb custom_padding=\u00a0\u00bb50%|15%|10%|30%|false|false\u00a0\u00bb custom_padding_tablet=\u00a0\u00bb50%|15%|10%|30%|false|false\u00a0\u00bb custom_padding_last_edited=\u00a0\u00bboff|desktop\u00a0\u00bb global_colors_info=\u00a0\u00bb{}\u00a0\u00bb][et_pb_social_media_follow_network social_network=\u00a0\u00bbfacebook\u00a0\u00bb _builder_version=\u00a0\u00bb4.16&Prime; background_color=\u00a0\u00bbrgba(0,0,0,0)\u00a0\u00bb background_enable_color=\u00a0\u00bbon\u00a0\u00bb global_colors_info=\u00a0\u00bb{}\u00a0\u00bb follow_button=\u00a0\u00bboff\u00a0\u00bb url_new_window=\u00a0\u00bbon\u00a0\u00bb]facebook[\/et_pb_social_media_follow_network][et_pb_social_media_follow_network social_network=\u00a0\u00bbtwitter\u00a0\u00bb _builder_version=\u00a0\u00bb4.16&Prime; background_color=\u00a0\u00bbrgba(0,0,0,0)\u00a0\u00bb background_enable_color=\u00a0\u00bbon\u00a0\u00bb global_colors_info=\u00a0\u00bb{}\u00a0\u00bb follow_button=\u00a0\u00bboff\u00a0\u00bb url_new_window=\u00a0\u00bbon\u00a0\u00bb]twitter[\/et_pb_social_media_follow_network][et_pb_social_media_follow_network social_network=\u00a0\u00bblinkedin\u00a0\u00bb _builder_version=\u00a0\u00bb4.16&Prime; background_color=\u00a0\u00bbrgba(0,0,0,0)\u00a0\u00bb background_enable_color=\u00a0\u00bbon\u00a0\u00bb global_colors_info=\u00a0\u00bb{}\u00a0\u00bb follow_button=\u00a0\u00bboff\u00a0\u00bb url_new_window=\u00a0\u00bbon\u00a0\u00bb]linkedin[\/et_pb_social_media_follow_network][et_pb_social_media_follow_network social_network=\u00a0\u00bbinstagram\u00a0\u00bb _builder_version=\u00a0\u00bb4.16&Prime; background_color=\u00a0\u00bbrgba(0,0,0,0)\u00a0\u00bb background_enable_color=\u00a0\u00bbon\u00a0\u00bb global_colors_info=\u00a0\u00bb{}\u00a0\u00bb follow_button=\u00a0\u00bboff\u00a0\u00bb url_new_window=\u00a0\u00bbon\u00a0\u00bb]instagram[\/et_pb_social_media_follow_network][et_pb_social_media_follow_network social_network=\u00a0\u00bbdribbble\u00a0\u00bb _builder_version=\u00a0\u00bb4.16&Prime; background_color=\u00a0\u00bbrgba(0,0,0,0)\u00a0\u00bb background_enable_color=\u00a0\u00bbon\u00a0\u00bb global_colors_info=\u00a0\u00bb{}\u00a0\u00bb follow_button=\u00a0\u00bboff\u00a0\u00bb url_new_window=\u00a0\u00bbon\u00a0\u00bb]dribbble[\/et_pb_social_media_follow_network][\/et_pb_social_media_follow][\/et_pb_column][et_pb_column type=\u00a0\u00bb1_2&Prime; _builder_version=\u00a0\u00bb4.16&Prime; custom_padding=\u00a0\u00bb150px||40px||false|false\u00a0\u00bb custom_padding_tablet=\u00a0\u00bb\u00a0\u00bb custom_padding_phone=\u00a0\u00bb||30px||false|false\u00a0\u00bb custom_padding_last_edited=\u00a0\u00bbon|phone\u00a0\u00bb global_colors_info=\u00a0\u00bb{}\u00a0\u00bb][et_pb_testimonial author=\u00a0\u00bbMarlene Sadler\u00a0\u00bb job_title=\u00a0\u00bbFondatrice\u00a0\u00bb company_name=\u00a0\u00bbHeroine\u2019s Mystery School\u00a0\u00bb url=\u00a0\u00bbhttps:\/\/www.heroinesmysteryschool.com\/\u00a0\u00bb quote_icon_color=\u00a0\u00bb#F17033&Prime; quote_icon_background_color=\u00a0\u00bb#FFFFFF\u00a0\u00bb _builder_version=\u00a0\u00bb4.27.4&Prime; _module_preset=\u00a0\u00bbdefault\u00a0\u00bb use_background_color_gradient=\u00a0\u00bbon\u00a0\u00bb background_color_gradient_stops=\u00a0\u00bb#ffffff 0%|#e8e8e8 100%\u00a0\u00bb background_color_gradient_start=\u00a0\u00bb#ffffff\u00a0\u00bb background_color_gradient_end=\u00a0\u00bb#e8e8e8&Prime; custom_padding=\u00a0\u00bb30px|||||\u00a0\u00bb link_option_url_new_window=\u00a0\u00bbon\u00a0\u00bb border_width_all=\u00a0\u00bb4px\u00a0\u00bb border_color_all=\u00a0\u00bb#D62C92&Prime; global_colors_info=\u00a0\u00bb{}\u00a0\u00bb]<\/p>\n<div class=\"image-title-wrapper\" id=\"yui_3_17_2_1_1621453311737_652\">\n<div class=\"image-title sqs-dynamic-text\" data-width-percentage=\"36.3\" id=\"yui_3_17_2_1_1621453311737_651\">\n<div class=\"xdj266r x14z9mp xat24cr x1lziwak x1vvkbs x126k92a\">\n<div dir=\"auto\">Il y a un moment o\u00f9 les femmes oublient qu&rsquo;elles ne sont \u00ab pas des artistes \u00bb et se souviennent qu&rsquo;elles sont des cr\u00e9atrices. Au d\u00e9but, tout est calme. Puis le pinceau se met \u00e0 bouger. Les \u00e9paules se d\u00e9tendent. La respiration reprend. Et quelque chose d&rsquo;ancien se r\u00e9veille dans le corps.     <\/div>\n<\/div>\n<div class=\"x14z9mp xat24cr x1lziwak x1vvkbs xtlvy1s x126k92a\">\n<div dir=\"auto\">C&rsquo;est ce qui se passe lorsque l&rsquo;art devient un rituel. Lorsque l&rsquo;atelier devient un sanctuaire. Nous cessons d&rsquo;essayer de cr\u00e9er quelque chose de beau et nous laissons simplement quelque chose de vrai s&rsquo;exprimer.  <\/div>\n<\/div>\n<div class=\"x14z9mp xat24cr x1lziwak x1vvkbs xtlvy1s x126k92a\">\n<div dir=\"auto\">Louise a anim\u00e9 cet espace cr\u00e9atif avec beaucoup de tendresse et de talent, et j&rsquo;ai maintenu le cercle. Ensemble, nous avons vu des femmes se surprendre elles-m\u00eames avec ce qui s&rsquo;\u00e9coulait sur la toile \u2728<\/p>\n<p> <span class=\"html-span xexx8yu xyri2b x18d9i69 x1c1uobl x1hl2dhg x16tdsg8 x1vvkbs x3nfvp2 x1j61x8r x1fcty0u xdj266r xat24cr xm2jcoa x1mpyi22 xxymvpz xlup9mm x1kky2od\"><img loading=\"lazy\" decoding=\"async\" height=\"16\" width=\"16\" class=\"xz74otr x15mokao x1ga7v0g x16uus16 xbiv7yw\" alt=\"\u2728\" referrerpolicy=\"origin-when-cross-origin\" src=\"https:\/\/static.xx.fbcdn.net\/images\/emoji.php\/v9\/t75\/2\/16\/2728.png\"><\/span><\/div>\n<\/div>\n<div class=\"x14z9mp xat24cr x1lziwak x1vvkbs xtlvy1s x126k92a\">\n<div dir=\"auto\">Ce n&rsquo;est pas un cours d&rsquo;art. C&rsquo;est un souvenir. <\/div>\n<\/div>\n<\/div>\n<\/div>\n<div class=\"image-subtitle-wrapper\" id=\"yui_3_17_2_1_1621453311737_676\">\n<div class=\"image-subtitle sqs-dynamic-text\" data-width-percentage=\"36.3\" id=\"yui_3_17_2_1_1621453311737_675\"><\/div>\n<\/div>\n<p>[\/et_pb_testimonial][\/et_pb_column][\/et_pb_row][et_pb_row column_structure=\u00a0\u00bb1_2,1_2&Prime; _builder_version=\u00a0\u00bb4.16&Prime; custom_padding=\u00a0\u00bb0px|||||\u00a0\u00bb global_colors_info=\u00a0\u00bb{}\u00a0\u00bb][et_pb_column type=\u00a0\u00bb1_2&Prime; _builder_version=\u00a0\u00bb4.16&Prime; global_colors_info=\u00a0\u00bb{}\u00a0\u00bb][et_pb_testimonial author=\u00a0\u00bbCynthia Adam\u00a0\u00bb job_title=\u00a0\u00bbConseiller en RH et fondateur de Naturexpansion\u00a0\u00bb quote_icon_color=\u00a0\u00bb#D62C92&Prime; quote_icon_background_color=\u00a0\u00bb#FFFFFF\u00a0\u00bb _builder_version=\u00a0\u00bb4.16&Prime; _module_preset=\u00a0\u00bbdefault\u00a0\u00bb use_background_color_gradient=\u00a0\u00bbon\u00a0\u00bb background_color_gradient_stops=\u00a0\u00bb#ffffff 0%|#e8e8e8 100%\u00a0\u00bb background_color_gradient_start=\u00a0\u00bb#ffffff\u00a0\u00bb background_color_gradient_end=\u00a0\u00bb#e8e8e8&Prime; custom_margin=\u00a0\u00bb0px||||false|false\u00a0\u00bb border_width_all=\u00a0\u00bb4px\u00a0\u00bb border_color_all=\u00a0\u00bb#D62C92&Prime; global_colors_info=\u00a0\u00bb{}\u00a0\u00bb]<\/p>\n<div class=\"image-title-wrapper\" id=\"yui_3_17_2_1_1621453311737_652\">\n<div class=\"image-title sqs-dynamic-text\" data-width-percentage=\"36.3\" id=\"yui_3_17_2_1_1621453311737_651\">\n<p class=\"sqsrte-large\" id=\"yui_3_17_2_1_1621453311737_650\">Louise allie ses connaissances strat\u00e9giques et techniques \u00e0 une profonde sensibilit\u00e9 spirituelle et artistique. Son enthousiasme et son dynamisme rendent ses cours et ses activit\u00e9s amusants et agr\u00e9ables. Elle est un atout pour toute \u00e9quipe.  <\/p>\n<\/div>\n<\/div>\n<div class=\"image-subtitle-wrapper\" id=\"yui_3_17_2_1_1621453311737_676\">\n<div class=\"image-subtitle sqs-dynamic-text\" data-width-percentage=\"36.3\" id=\"yui_3_17_2_1_1621453311737_675\"><\/div>\n<\/div>\n<p>[\/et_pb_testimonial][et_pb_testimonial author=\u00a0\u00bbValerie P\u00a0\u00bb company_name=\u00a0\u00bbOttawa\u00a0\u00bb quote_icon_color=\u00a0\u00bb#F17033&Prime; quote_icon_background_color=\u00a0\u00bb#FFFFFF\u00a0\u00bb _builder_version=\u00a0\u00bb4.18.0&Prime; _module_preset=\u00a0\u00bbdefault\u00a0\u00bb use_background_color_gradient=\u00a0\u00bbon\u00a0\u00bb background_color_gradient_stops=\u00a0\u00bb#ffffff 0%|#e8e8e8 100%\u00a0\u00bb background_color_gradient_start=\u00a0\u00bb#ffffff\u00a0\u00bb background_color_gradient_end=\u00a0\u00bb#e8e8e8&Prime; custom_margin=\u00a0\u00bb66px||||false|false\u00a0\u00bb border_width_all=\u00a0\u00bb4px\u00a0\u00bb border_color_all=\u00a0\u00bb#F17033&Prime; global_colors_info=\u00a0\u00bb{}\u00a0\u00bb]<\/p>\n<div class=\"image-title-wrapper\" id=\"yui_3_17_2_1_1621453311737_652\">\n<div class=\"image-title sqs-dynamic-text\" data-width-percentage=\"36.3\" id=\"yui_3_17_2_1_1621453311737_651\">\n<p class=\"sqsrte-large\" id=\"yui_3_17_2_1_1621453311737_650\"><span>Je tiens \u00e0 vous dire que j&rsquo;ai beaucoup appr\u00e9ci\u00e9 votre \u00e9v\u00e9nement et que je n&rsquo;y changerais rien. J&rsquo;ai trouv\u00e9 que c&rsquo;\u00e9tait une exp\u00e9rience formidable pour cr\u00e9er des liens entre les femmes et j&rsquo;ai pu m&rsquo;\u00e9manciper. &#8230;. J&rsquo;ai le sentiment que plus j&rsquo;utiliserai ma cr\u00e9ativit\u00e9 et plus je laisserai tomber mes limites, plus de bonnes choses arriveront. Faites-moi savoir s&rsquo;il y aura des \u00e9v\u00e9nements similaires \u00e0 l&rsquo;avenir, je serai heureuse d&rsquo;y participer.   <\/span><\/p>\n<\/div>\n<\/div>\n<div class=\"image-subtitle-wrapper\" id=\"yui_3_17_2_1_1621453311737_676\">\n<div class=\"image-subtitle sqs-dynamic-text\" data-width-percentage=\"36.3\" id=\"yui_3_17_2_1_1621453311737_675\"><\/div>\n<\/div>\n<p>[\/et_pb_testimonial][et_pb_testimonial author=\u00a0\u00bbP. Jabouin\u00a0\u00bb job_title=\u00a0\u00bbOttawa\u00a0\u00bb quote_icon_color=\u00a0\u00bb#D62C92&Prime; quote_icon_background_color=\u00a0\u00bb#FFFFFF\u00a0\u00bb _builder_version=\u00a0\u00bb4.18.0&Prime; _module_preset=\u00a0\u00bbdefault\u00a0\u00bb use_background_color_gradient=\u00a0\u00bbon\u00a0\u00bb background_color_gradient_stops=\u00a0\u00bb#ffffff 0%|#e8e8e8 100%\u00a0\u00bb background_color_gradient_start=\u00a0\u00bb#ffffff\u00a0\u00bb background_color_gradient_end=\u00a0\u00bb#e8e8e8&Prime; custom_margin=\u00a0\u00bb66px||||false|false\u00a0\u00bb border_width_all=\u00a0\u00bb4px\u00a0\u00bb border_color_all=\u00a0\u00bb#D62C92&Prime; global_colors_info=\u00a0\u00bb{}\u00a0\u00bb]<\/p>\n<div class=\"image-title-wrapper\" id=\"yui_3_17_2_1_1621453311737_652\">\n<div class=\"image-title sqs-dynamic-text\" data-width-percentage=\"36.3\" id=\"yui_3_17_2_1_1621453311737_651\">\n<p>J\u2019ai particip\u00e9 \u00e0 l\u2019atelier de peinture de Louise pour me reconnecter avec un d\u00e9sir int\u00e9rieur r\u00e9current de cr\u00e9er de l\u2019art. C\u2019\u00e9tait exactement ce dont j\u2019avais besoin, une journ\u00e9e enti\u00e8re \u00e0 explorer les couleurs, les formes et les m\u00e9thodes &#8230; L\u2019exp\u00e9rience m\u2019a permis d\u2019accueillir une partie de moi que j\u2019ignorais depuis des ann\u00e9es et de d\u00e9couvrir comment je m\u2019exprime \u00e0 travers la peinture. <\/p>\n<p>Je recommande cet atelier \u00e0 toute personne qui ressent le besoin de faire de l\u2019art et de se connecter \u00e0 la nature.<\/p>\n<\/div>\n<\/div>\n<div class=\"image-subtitle-wrapper\" id=\"yui_3_17_2_1_1621453311737_676\">\n<div class=\"image-subtitle sqs-dynamic-text\" data-width-percentage=\"36.3\" id=\"yui_3_17_2_1_1621453311737_675\"><\/div>\n<\/div>\n<p>[\/et_pb_testimonial][et_pb_testimonial author=\u00a0\u00bbAP\u00a0\u00bb job_title=\u00a0\u00bbLondres, Ontario\u00a0\u00bb quote_icon_color=\u00a0\u00bb#F17033&Prime; quote_icon_background_color=\u00a0\u00bb#FFFFFF\u00a0\u00bb _builder_version=\u00a0\u00bb4.18.0&Prime; _module_preset=\u00a0\u00bbdefault\u00a0\u00bb use_background_color_gradient=\u00a0\u00bbon\u00a0\u00bb background_color_gradient_stops=\u00a0\u00bb#ffffff 0%|#e8e8e8 100%\u00a0\u00bb background_color_gradient_start=\u00a0\u00bb#ffffff\u00a0\u00bb background_color_gradient_end=\u00a0\u00bb#e8e8e8&Prime; custom_margin=\u00a0\u00bb66px||||false|false\u00a0\u00bb border_width_all=\u00a0\u00bb4px\u00a0\u00bb border_color_all=\u00a0\u00bb#F17033&Prime; global_colors_info=\u00a0\u00bb{}\u00a0\u00bb]<\/p>\n<div class=\"image-title-wrapper\" id=\"yui_3_17_2_1_1621453311737_652\">\n<div class=\"image-title sqs-dynamic-text\" data-width-percentage=\"36.3\" id=\"yui_3_17_2_1_1621453311737_651\">\n<div class=\"image-title-wrapper\" id=\"yui_3_17_2_1_1621453311737_774\">\n<div class=\"image-title sqs-dynamic-text\" data-width-percentage=\"36.3\" id=\"yui_3_17_2_1_1621453311737_773\">\n<p class=\"sqsrte-large\" id=\"yui_3_17_2_1_1621453311737_772\">Louise was truly a pleasure to work with, someone who is committed, generous, and soulful. What I really appreciated was her deep investment in my personal growth, as well as how she helped me to more fully realize all the progress I\u2019ve made up to this point in my life.<br \/>Doing coaching sessions with her was definitely a great investment!<\/p>\n<\/div>\n<\/div>\n<\/div>\n<\/div>\n<div class=\"image-subtitle-wrapper\" id=\"yui_3_17_2_1_1621453311737_676\">\n<div class=\"image-subtitle sqs-dynamic-text\" data-width-percentage=\"36.3\" id=\"yui_3_17_2_1_1621453311737_675\"><\/div>\n<\/div>\n<p>[\/et_pb_testimonial][\/et_pb_column][et_pb_column type=\u00a0\u00bb1_2&Prime; _builder_version=\u00a0\u00bb4.16&Prime; custom_padding=\u00a0\u00bb0px||0px||false|false\u00a0\u00bb custom_padding_tablet=\u00a0\u00bb\u00a0\u00bb custom_padding_phone=\u00a0\u00bb||30px||false|false\u00a0\u00bb custom_padding_last_edited=\u00a0\u00bbon|phone\u00a0\u00bb global_colors_info=\u00a0\u00bb{}\u00a0\u00bb][et_pb_testimonial author=\u00a0\u00bbKim Thomas Adam\u00a0\u00bb job_title=\u00a0\u00bbDirecteur des programmes\u00a0\u00bb company_name=\u00a0\u00bbSoci\u00e9t\u00e9 canadienne du sida\u00a0\u00bb quote_icon_color=\u00a0\u00bb#F17033&Prime; quote_icon_background_color=\u00a0\u00bb#FFFFFF\u00a0\u00bb _builder_version=\u00a0\u00bb4.16&Prime; _module_preset=\u00a0\u00bbdefault\u00a0\u00bb use_background_color_gradient=\u00a0\u00bbon\u00a0\u00bb background_color_gradient_stops=\u00a0\u00bb#ffffff 0%|#e8e8e8 100%\u00a0\u00bb background_color_gradient_start=\u00a0\u00bb#ffffff\u00a0\u00bb background_color_gradient_end=\u00a0\u00bb#e8e8e8&Prime; border_width_all=\u00a0\u00bb4px\u00a0\u00bb border_color_all=\u00a0\u00bb#F17033&Prime; global_colors_info=\u00a0\u00bb{}\u00a0\u00bb]<\/p>\n<div class=\"image-title-wrapper\" id=\"yui_3_17_2_1_1621453311737_652\">\n<div class=\"image-title sqs-dynamic-text\" data-width-percentage=\"36.3\" id=\"yui_3_17_2_1_1621453311737_651\">\n<p class=\"sqsrte-large\" id=\"yui_3_17_2_1_1621453311737_650\">Louise est une excellente et talentueuse animatrice qui partage ses dons pour l&rsquo;art et son amour des gens de mani\u00e8re si charmante. J&rsquo;ai eu l&rsquo;honneur de participer \u00e0 ses cours cet hiver et j&rsquo;ai beaucoup appris, non seulement sur l&rsquo;art, mais aussi sur la n\u00e9cessit\u00e9 de faire de la place \u00e0 la cr\u00e9ativit\u00e9 dans tous les aspects de ma vie. J&rsquo;ai le sentiment que ce n&rsquo;\u00e9tait que le d\u00e9but d&rsquo;un voyage&#8230;  <\/p>\n<\/div>\n<\/div>\n<div class=\"image-subtitle-wrapper\" id=\"yui_3_17_2_1_1621453311737_676\">\n<div class=\"image-subtitle sqs-dynamic-text\" data-width-percentage=\"36.3\" id=\"yui_3_17_2_1_1621453311737_675\"><\/div>\n<\/div>\n<p>[\/et_pb_testimonial][et_pb_testimonial author=\u00a0\u00bbFred Schriever\u00a0\u00bb job_title=\u00a0\u00bbArchitecte\u00a0\u00bb company_name=\u00a0\u00bbMod\u00e9lisation Revit\u00a0\u00bb quote_icon_color=\u00a0\u00bb#D62C92&Prime; quote_icon_background_color=\u00a0\u00bb#FFFFFF\u00a0\u00bb _builder_version=\u00a0\u00bb4.16&Prime; _module_preset=\u00a0\u00bbdefault\u00a0\u00bb use_background_color_gradient=\u00a0\u00bbon\u00a0\u00bb background_color_gradient_stops=\u00a0\u00bb#ffffff 0%|#e8e8e8 100%\u00a0\u00bb background_color_gradient_start=\u00a0\u00bb#ffffff\u00a0\u00bb background_color_gradient_end=\u00a0\u00bb#e8e8e8&Prime; custom_margin=\u00a0\u00bb66px||||false|false\u00a0\u00bb border_width_all=\u00a0\u00bb4px\u00a0\u00bb border_color_all=\u00a0\u00bb#D62C92&Prime; global_colors_info=\u00a0\u00bb{}\u00a0\u00bb]<\/p>\n<div class=\"image-title-wrapper\" id=\"yui_3_17_2_1_1621453311737_652\">\n<div class=\"image-title sqs-dynamic-text\" data-width-percentage=\"36.3\" id=\"yui_3_17_2_1_1621453311737_651\">\n<div class=\"image-title-wrapper\" id=\"yui_3_17_2_1_1621453311737_774\">\n<div class=\"image-title sqs-dynamic-text\" data-width-percentage=\"36.3\" id=\"yui_3_17_2_1_1621453311737_773\">\n<p class=\"sqsrte-large\" id=\"yui_3_17_2_1_1621453311737_772\"><span>Louise Lalande, que je connais depuis plus de vingt ans et avec qui je travaille depuis environ deux ans, est l&rsquo;une des personnes les plus professionnelles et responsables que je connaisse. Elle est passionn\u00e9e et fortement engag\u00e9e dans son travail, tr\u00e8s cr\u00e9ative et tr\u00e8s bien organis\u00e9e. Elle est hautement qualifi\u00e9e et poss\u00e8de de vastes int\u00e9r\u00eats dans d&rsquo;autres domaines li\u00e9s \u00e0 son travail, ce qui lui permet d&rsquo;appliquer ses comp\u00e9tences professionnelles \u00e0 une grande vari\u00e9t\u00e9 de domaines. En outre, elle est extr\u00eamement sympathique et avenante, ce qui lui permet d&rsquo;amplifier et de mettre \u00e0 profit ses comp\u00e9tences lorsqu&rsquo;elle travaille en grand groupe ou en \u00e9quipe.   <\/span><\/p>\n<\/div>\n<\/div>\n<\/div>\n<\/div>\n<div class=\"image-subtitle-wrapper\" id=\"yui_3_17_2_1_1621453311737_676\">\n<div class=\"image-subtitle sqs-dynamic-text\" data-width-percentage=\"36.3\" id=\"yui_3_17_2_1_1621453311737_675\"><\/div>\n<\/div>\n<p>[\/et_pb_testimonial][et_pb_testimonial author=\u00a0\u00bbSusan Josselyn\u00a0\u00bb job_title=\u00a0\u00bbPartenaire\u00a0\u00bb company_name=\u00a0\u00bbServices d&apos;audit de gestion et d&apos;enqu\u00eate\u00a0\u00bb quote_icon_color=\u00a0\u00bb#F17033&Prime; quote_icon_background_color=\u00a0\u00bb#FFFFFF\u00a0\u00bb _builder_version=\u00a0\u00bb4.16&Prime; _module_preset=\u00a0\u00bbdefault\u00a0\u00bb use_background_color_gradient=\u00a0\u00bbon\u00a0\u00bb background_color_gradient_stops=\u00a0\u00bb#ffffff 0%|#e8e8e8 100%\u00a0\u00bb background_color_gradient_start=\u00a0\u00bb#ffffff\u00a0\u00bb background_color_gradient_end=\u00a0\u00bb#e8e8e8&Prime; custom_margin=\u00a0\u00bb30px|||||\u00a0\u00bb border_width_all=\u00a0\u00bb4px\u00a0\u00bb border_color_all=\u00a0\u00bb#F17033&Prime; global_colors_info=\u00a0\u00bb{}\u00a0\u00bb]<\/p>\n<div class=\"image-title-wrapper\" id=\"yui_3_17_2_1_1621453311737_652\">\n<div class=\"image-title sqs-dynamic-text\" data-width-percentage=\"36.3\" id=\"yui_3_17_2_1_1621453311737_651\">\n<div class=\"image-title-wrapper\" id=\"yui_3_17_2_1_1621453311737_774\">\n<div class=\"image-title sqs-dynamic-text\" data-width-percentage=\"36.3\" id=\"yui_3_17_2_1_1621453311737_773\">\n<p class=\"sqsrte-large\" id=\"yui_3_17_2_1_1621453311737_772\"><span>Elle a subtilement et habilement conduit le groupe \u00e0 travers un processus th\u00e9rapeutique de r\u00e9flexion, d&rsquo;expression personnelle et de d\u00e9couverte, tout en nous faisant d\u00e9couvrir diverses formes d&rsquo;art et de m\u00e9dias.<\/span><br \/><span>Son approche \u00e9tait philosophique et intellectuelle, mais non mena\u00e7ante, d\u00e9tendue et inclusive.<\/span><br \/><span>Je recommande vivement Louise aux groupes ou aux individus d\u00e9sireux d&rsquo;explorer de nouvelles strat\u00e9gies pour mieux comprendre les \u00e9motions, les besoins et les objectifs sous-jacents. Elle m&rsquo;a incit\u00e9 \u00e0 adopter la pratique du journal artistique afin de poursuivre mon propre voyage. <\/span><\/p>\n<\/div>\n<\/div>\n<\/div>\n<\/div>\n<div class=\"image-subtitle-wrapper\" id=\"yui_3_17_2_1_1621453311737_676\">\n<div class=\"image-subtitle sqs-dynamic-text\" data-width-percentage=\"36.3\" id=\"yui_3_17_2_1_1621453311737_675\"><\/div>\n<\/div>\n<p>[\/et_pb_testimonial][et_pb_testimonial author=\u00a0\u00bbCarmen Thierfeldt\u00a0\u00bb job_title=\u00a0\u00bbMarketing et ventes\u00a0\u00bb company_name=\u00a0\u00bbTeknion  \u00a0\u00bb quote_icon_color=\u00a0\u00bb#D62C92&Prime; quote_icon_background_color=\u00a0\u00bb#FFFFFF\u00a0\u00bb _builder_version=\u00a0\u00bb4.18.0&Prime; _module_preset=\u00a0\u00bbdefault\u00a0\u00bb use_background_color_gradient=\u00a0\u00bbon\u00a0\u00bb background_color_gradient_stops=\u00a0\u00bb#ffffff 0%|#e8e8e8 100%\u00a0\u00bb background_color_gradient_start=\u00a0\u00bb#ffffff\u00a0\u00bb background_color_gradient_end=\u00a0\u00bb#e8e8e8&Prime; custom_margin=\u00a0\u00bb66px||||false|false\u00a0\u00bb border_width_all=\u00a0\u00bb4px\u00a0\u00bb border_color_all=\u00a0\u00bb#D62C92&Prime; global_colors_info=\u00a0\u00bb{}\u00a0\u00bb]<\/p>\n<div class=\"image-title-wrapper\" id=\"yui_3_17_2_1_1621453311737_652\">\n<div class=\"image-title sqs-dynamic-text\" data-width-percentage=\"36.3\" id=\"yui_3_17_2_1_1621453311737_651\">\n<div class=\"image-title-wrapper\" id=\"yui_3_17_2_1_1621453311737_774\">\n<div class=\"image-title sqs-dynamic-text\" data-width-percentage=\"36.3\" id=\"yui_3_17_2_1_1621453311737_773\">\n<p class=\"sqsrte-large\" id=\"yui_3_17_2_1_1621453311737_772\">Merci encore pour cette agr\u00e9able soir\u00e9e cr\u00e9ative de mercredi dernier. Vous avez \u00e9t\u00e9 merveilleuse et inspirante !  <span>[\u00e0 la suite d&rsquo;un \u00e9v\u00e8nement de coh\u00e9sion d&rsquo;\u00e9quipe]<\/span><\/p>\n<\/div>\n<\/div>\n<\/div>\n<\/div>\n<div class=\"image-subtitle-wrapper\" id=\"yui_3_17_2_1_1621453311737_676\">\n<div class=\"image-subtitle sqs-dynamic-text\" data-width-percentage=\"36.3\" id=\"yui_3_17_2_1_1621453311737_675\"><\/div>\n<\/div>\n<p>[\/et_pb_testimonial][\/et_pb_column][\/et_pb_row][\/et_pb_section]<\/p>\n","protected":false},"excerpt":{"rendered":"<p>T\u00e9moignages Il y a un moment o\u00f9 les femmes oublient qu&rsquo;elles ne sont \u00ab pas des artistes \u00bb et se souviennent qu&rsquo;elles sont des cr\u00e9atrices. Au d\u00e9but, tout est calme. Puis le pinceau se met \u00e0 bouger. Les \u00e9paules se d\u00e9tendent. La respiration reprend. Et quelque chose d&rsquo;ancien se r\u00e9veille dans le corps. C&rsquo;est ce [&hellip;]<\/p>\n","protected":false},"author":1,"featured_media":0,"parent":0,"menu_order":0,"comment_status":"closed","ping_status":"closed","template":"","meta":{"_et_pb_use_builder":"on","_et_pb_old_content":"","_et_gb_content_width":"","footnotes":""},"folder":[136],"class_list":["post-3451","page","type-page","status-publish","hentry"],"_links":{"self":[{"href":"https:\/\/cocreations.ca\/fr\/wp-json\/wp\/v2\/pages\/3451","targetHints":{"allow":["GET"]}}],"collection":[{"href":"https:\/\/cocreations.ca\/fr\/wp-json\/wp\/v2\/pages"}],"about":[{"href":"https:\/\/cocreations.ca\/fr\/wp-json\/wp\/v2\/types\/page"}],"author":[{"embeddable":true,"href":"https:\/\/cocreations.ca\/fr\/wp-json\/wp\/v2\/users\/1"}],"replies":[{"embeddable":true,"href":"https:\/\/cocreations.ca\/fr\/wp-json\/wp\/v2\/comments?post=3451"}],"version-history":[{"count":17,"href":"https:\/\/cocreations.ca\/fr\/wp-json\/wp\/v2\/pages\/3451\/revisions"}],"predecessor-version":[{"id":4350,"href":"https:\/\/cocreations.ca\/fr\/wp-json\/wp\/v2\/pages\/3451\/revisions\/4350"}],"wp:attachment":[{"href":"https:\/\/cocreations.ca\/fr\/wp-json\/wp\/v2\/media?parent=3451"}],"wp:term":[{"taxonomy":"folder","embeddable":true,"href":"https:\/\/cocreations.ca\/fr\/wp-json\/wp\/v2\/folder?post=3451"}],"curies":[{"name":"wp","href":"https:\/\/api.w.org\/{rel}","templated":true}]}}